{"id":1336,"date":"2024-07-24T21:08:08","date_gmt":"2024-07-24T21:08:08","guid":{"rendered":"https:\/\/ancib.org\/sites\/enancib2024\/?page_id=1336"},"modified":"2024-10-11T17:02:22","modified_gmt":"2024-10-11T17:02:22","slug":"datas","status":"publish","type":"page","link":"https:\/\/ancib.org\/sites\/enancib2024\/index.php\/datas\/","title":{"rendered":"Datas"},"content":{"rendered":"<div data-colibri-id=\"1336-c1\" class=\"style-796 style-local-1336-c1 position-relative\">\n  <!---->\n  <div data-colibri-component=\"section\" data-colibri-id=\"1336-c2\" id=\"custom\" class=\"h-section h-section-global-spacing d-flex align-items-lg-center align-items-md-center align-items-center style-797 style-local-1336-c2 position-relative\">\n    <!---->\n    <!---->\n    <div class=\"h-section-grid-container h-section-boxed-container\">\n      <!---->\n      <div data-colibri-id=\"1336-c3\" class=\"h-row-container gutters-row-lg-2 gutters-row-md-2 gutters-row-0 gutters-row-v-lg-2 gutters-row-v-md-2 gutters-row-v-2 style-800 style-local-1336-c3 position-relative\">\n        <!---->\n        <div class=\"h-row justify-content-lg-center justify-content-md-center justify-content-center align-items-lg-stretch align-items-md-stretch align-items-stretch gutters-col-lg-2 gutters-col-md-2 gutters-col-0 gutters-col-v-lg-2 gutters-col-v-md-2 gutters-col-v-2\">\n          <!---->\n          <div class=\"h-column h-column-container d-flex h-col-lg-auto h-col-md-auto h-col-auto style-801-outer style-local-1336-c4-outer\">\n            <div data-colibri-id=\"1336-c4\" class=\"d-flex h-flex-basis h-column__inner h-px-lg-2 h-px-md-2 h-px-2 v-inner-lg-2 v-inner-md-2 v-inner-2 style-801 style-local-1336-c4 position-relative\">\n              <!---->\n              <!---->\n              <div class=\"w-100 h-y-container h-column__content h-column__v-align flex-basis-100 align-self-lg-start align-self-md-start align-self-start\">\n                <!---->\n                <div data-colibri-id=\"1336-c5\" class=\"h-global-transition-all h-heading style-802 style-local-1336-c5 position-relative h-element\">\n                  <!---->\n                  <div class=\"h-heading__outer style-802 style-local-1336-c5\">\n                    <!---->\n                    <!---->\n                    <h3 class=\"\">Fluxo de Atividades Cient\u00edficas<\/h3>\n                  <\/div>\n                <\/div>\n              <\/div>\n            <\/div>\n          <\/div>\n        <\/div>\n      <\/div>\n      <div data-colibri-id=\"1336-c6\" class=\"h-row-container gutters-row-lg-2 gutters-row-md-2 gutters-row-0 gutters-row-v-lg-2 gutters-row-v-md-2 gutters-row-v-2 style-803 style-local-1336-c6 position-relative\">\n        <!---->\n        <div class=\"h-row justify-content-lg-center justify-content-md-center justify-content-center align-items-lg-stretch align-items-md-stretch align-items-stretch gutters-col-lg-2 gutters-col-md-2 gutters-col-0 gutters-col-v-lg-2 gutters-col-v-md-2 gutters-col-v-2\">\n          <!---->\n          <div class=\"h-column h-column-container d-flex h-col-lg-auto h-col-md-auto h-col-auto style-804-outer style-local-1336-c7-outer\">\n            <div data-colibri-id=\"1336-c7\" class=\"d-flex h-flex-basis h-column__inner h-px-lg-2 h-px-md-2 h-px-2 v-inner-lg-2 v-inner-md-2 v-inner-2 style-804 style-local-1336-c7 position-relative\">\n              <!---->\n              <!---->\n              <div class=\"w-100 h-y-container h-column__content h-column__v-align flex-basis-100 align-self-lg-start align-self-md-start align-self-start\">\n                <!---->\n                <div data-colibri-id=\"1336-c8\" class=\"h-global-transition-all h-heading style-817 style-local-1336-c8 position-relative h-element\">\n                  <!---->\n                  <div class=\"h-heading__outer style-817 style-local-1336-c8\">\n                    <!---->\n                    <!---->\n                    <h6 class=\"\">F\u00f3rum de GT da ANCIB<\/h6>\n                  <\/div>\n                <\/div>\n                <div data-colibri-id=\"1336-c9\" class=\"h-text h-text-component style-824 style-local-1336-c9 position-relative h-element\">\n                  <!---->\n                  <!---->\n                  <div class=\"\">\n                    <p>10\/04\/2024<\/p>\n                  <\/div>\n                <\/div>\n              <\/div>\n            <\/div>\n          <\/div>\n          <div class=\"h-column h-column-container d-flex h-col-lg-auto h-col-md-auto h-col-auto style-805-outer style-local-1336-c10-outer\">\n            <div data-colibri-id=\"1336-c10\" class=\"d-flex h-flex-basis h-column__inner h-px-lg-2 h-px-md-2 h-px-2 v-inner-lg-2 v-inner-md-2 v-inner-2 style-805 style-local-1336-c10 position-relative\">\n              <!---->\n              <!---->\n              <div class=\"w-100 h-y-container h-column__content h-column__v-align flex-basis-100 align-self-lg-start align-self-md-start align-self-start\">\n                <!---->\n                <div data-colibri-id=\"1336-c11\" class=\"h-global-transition-all h-heading style-818 style-local-1336-c11 position-relative h-element\">\n                  <!---->\n                  <div class=\"h-heading__outer style-818 style-local-1336-c11\">\n                    <!---->\n                    <!---->\n                    <h6 class=\"\">Publica\u00e7\u00e3o das regras de submiss\u00e3o<\/h6>\n                  <\/div>\n                <\/div>\n                <div data-colibri-id=\"1336-c12\" class=\"h-text h-text-component style-821 style-local-1336-c12 position-relative h-element\">\n                  <!---->\n                  <!---->\n                  <div class=\"\">\n                    <p>17\/04\/2024<\/p>\n                  <\/div>\n                <\/div>\n              <\/div>\n            <\/div>\n          <\/div>\n          <div class=\"h-column h-column-container d-flex h-col-lg-auto h-col-md-auto h-col-auto style-806-outer style-local-1336-c13-outer\">\n            <div data-colibri-id=\"1336-c13\" class=\"d-flex h-flex-basis h-column__inner h-px-lg-2 h-px-md-2 h-px-2 v-inner-lg-2 v-inner-md-2 v-inner-2 style-806 style-local-1336-c13 position-relative\">\n              <!---->\n              <!---->\n              <div class=\"w-100 h-y-container h-column__content h-column__v-align flex-basis-100 align-self-lg-start align-self-md-start align-self-start\">\n                <!---->\n                <div data-colibri-id=\"1336-c14\" class=\"h-global-transition-all h-heading style-819 style-local-1336-c14 position-relative h-element\">\n                  <!---->\n                  <div class=\"h-heading__outer style-819 style-local-1336-c14\">\n                    <!---->\n                    <!---->\n                    <h6 class=\"\">In\u00edcio das submiss\u00f5es<\/h6>\n                  <\/div>\n                <\/div>\n                <div data-colibri-id=\"1336-c15\" class=\"h-text h-text-component style-822 style-local-1336-c15 position-relative h-element\">\n                  <!---->\n                  <!---->\n                  <div class=\"\">\n                    <p>20\/05\/2024<\/p>\n                  <\/div>\n                <\/div>\n              <\/div>\n            <\/div>\n          <\/div>\n          <div class=\"h-column h-column-container d-flex h-col-lg-auto h-col-md-auto h-col-auto style-807-outer style-local-1336-c16-outer\">\n            <div data-colibri-id=\"1336-c16\" class=\"d-flex h-flex-basis h-column__inner h-px-lg-2 h-px-md-2 h-px-2 v-inner-lg-2 v-inner-md-2 v-inner-2 style-807 style-local-1336-c16 position-relative\">\n              <!---->\n              <!---->\n              <div class=\"w-100 h-y-container h-column__content h-column__v-align flex-basis-100 align-self-lg-start align-self-md-start align-self-start\">\n                <!---->\n                <div data-colibri-id=\"1336-c17\" class=\"h-global-transition-all h-heading style-820 style-local-1336-c17 position-relative h-element\">\n                  <!---->\n                  <div class=\"h-heading__outer style-820 style-local-1336-c17\">\n                    <!---->\n                    <!---->\n                    <h6 class=\"\">Final das submiss\u00f5es<\/h6>\n                  <\/div>\n                <\/div>\n                <div data-colibri-id=\"1336-c18\" class=\"h-text h-text-component style-823 style-local-1336-c18 position-relative h-element\">\n                  <!---->\n                  <!---->\n                  <div class=\"\">\n                    <p>14\/07\/2024<\/p>\n                  <\/div>\n                <\/div>\n              <\/div>\n            <\/div>\n          <\/div>\n        <\/div>\n      <\/div>\n      <div data-colibri-id=\"1336-c19\" class=\"h-row-container gutters-row-lg-2 gutters-row-md-2 gutters-row-0 gutters-row-v-lg-2 gutters-row-v-md-2 gutters-row-v-2 style-808 style-local-1336-c19 position-relative\">\n        <!---->\n        <div class=\"h-row justify-content-lg-center justify-content-md-center justify-content-center align-items-lg-stretch align-items-md-stretch align-items-stretch gutters-col-lg-2 gutters-col-md-2 gutters-col-0 gutters-col-v-lg-2 gutters-col-v-md-2 gutters-col-v-2\">\n          <!---->\n          <div class=\"h-column h-column-container d-flex h-col-lg-auto h-col-md-auto h-col-auto style-809-outer style-local-1336-c20-outer\">\n            <div data-colibri-id=\"1336-c20\" class=\"d-flex h-flex-basis h-column__inner h-px-lg-2 h-px-md-2 h-px-2 v-inner-lg-2 v-inner-md-2 v-inner-2 style-809 style-local-1336-c20 position-relative\">\n              <!---->\n              <!---->\n              <div class=\"w-100 h-y-container h-column__content h-column__v-align flex-basis-100 align-self-lg-start align-self-md-start align-self-start\">\n                <!---->\n                <div data-colibri-id=\"1336-c21\" class=\"h-global-transition-all h-heading style-825 style-local-1336-c21 position-relative h-element\">\n                  <!---->\n                  <div class=\"h-heading__outer style-825 style-local-1336-c21\">\n                    <!---->\n                    <!---->\n                    <h6 class=\"\">Etapa de curadoria de dados e informa\u00e7\u00f5es<\/h6>\n                  <\/div>\n                <\/div>\n                <div data-colibri-id=\"1336-c22\" class=\"h-text h-text-component style-835 style-local-1336-c22 position-relative h-element\">\n                  <!---->\n                  <!---->\n                  <div class=\"\">\n                    <p>15\/07\/2024 at\u00e9 27\/07\/2024<\/p>\n                  <\/div>\n                <\/div>\n              <\/div>\n            <\/div>\n          <\/div>\n          <div class=\"h-column h-column-container d-flex h-col-lg-auto h-col-md-auto h-col-auto style-810-outer style-local-1336-c23-outer\">\n            <div data-colibri-id=\"1336-c23\" class=\"d-flex h-flex-basis h-column__inner h-px-lg-2 h-px-md-2 h-px-2 v-inner-lg-2 v-inner-md-2 v-inner-2 style-810 style-local-1336-c23 position-relative\">\n              <!---->\n              <!---->\n              <div class=\"w-100 h-y-container h-column__content h-column__v-align flex-basis-100 align-self-lg-start align-self-md-start align-self-start\">\n                <!---->\n                <div data-colibri-id=\"1336-c24\" class=\"h-global-transition-all h-heading style-826 style-local-1336-c24 position-relative h-element\">\n                  <!---->\n                  <div class=\"h-heading__outer style-826 style-local-1336-c24\">\n                    <!---->\n                    <!---->\n                    <h6 class=\"\">Ciclo de avalia\u00e7\u00e3o ad hoc<\/h6>\n                  <\/div>\n                <\/div>\n                <div data-colibri-id=\"1336-c25\" class=\"h-text h-text-component style-829 style-local-1336-c25 position-relative h-element\">\n                  <!---->\n                  <!---->\n                  <div class=\"\">\n                    <p>28\/07\/2024 at\u00e9 08\/09\/2024<\/p>\n                  <\/div>\n                <\/div>\n              <\/div>\n            <\/div>\n          <\/div>\n          <div class=\"h-column h-column-container d-flex h-col-lg-auto h-col-md-auto h-col-auto style-811-outer style-local-1336-c26-outer\">\n            <div data-colibri-id=\"1336-c26\" class=\"d-flex h-flex-basis h-column__inner h-px-lg-2 h-px-md-2 h-px-2 v-inner-lg-2 v-inner-md-2 v-inner-2 style-811 style-local-1336-c26 position-relative\">\n              <!---->\n              <!---->\n              <div class=\"w-100 h-y-container h-column__content h-column__v-align flex-basis-100 align-self-lg-start align-self-md-start align-self-start\">\n                <!---->\n                <div data-colibri-id=\"1336-c27\" class=\"h-global-transition-all h-heading style-827 style-local-1336-c27 position-relative h-element\">\n                  <!---->\n                  <div class=\"h-heading__outer style-827 style-local-1336-c27\">\n                    <!---->\n                    <!---->\n                    <h6 class=\"\">Envio dos pareceres aos(\u00e0s) autores(as)<\/h6>\n                  <\/div>\n                <\/div>\n                <div data-colibri-id=\"1336-c28\" class=\"h-text h-text-component style-834 style-local-1336-c28 position-relative h-element\">\n                  <!---->\n                  <!---->\n                  <div class=\"\">\n                    <p>08 e 09\/09\/2024<\/p>\n                  <\/div>\n                <\/div>\n              <\/div>\n            <\/div>\n          <\/div>\n          <div class=\"h-column h-column-container d-flex h-col-lg-auto h-col-md-auto h-col-auto style-812-outer style-local-1336-c29-outer\">\n            <div data-colibri-id=\"1336-c29\" class=\"d-flex h-flex-basis h-column__inner h-px-lg-2 h-px-md-2 h-px-2 v-inner-lg-2 v-inner-md-2 v-inner-2 style-812 style-local-1336-c29 position-relative\">\n              <!---->\n              <!---->\n              <div class=\"w-100 h-y-container h-column__content h-column__v-align flex-basis-100 align-self-lg-start align-self-md-start align-self-start\">\n                <!---->\n                <div data-colibri-id=\"1336-c30\" class=\"h-global-transition-all h-heading style-828 style-local-1336-c30 position-relative h-element\">\n                  <!---->\n                  <div class=\"h-heading__outer style-828 style-local-1336-c30\">\n                    <!---->\n                    <!---->\n                    <h6 class=\"\">Postagem das vers\u00f5es finais no OCS ANCIB<\/h6>\n                  <\/div>\n                <\/div>\n                <div data-colibri-id=\"1336-c31\" class=\"h-text h-text-component style-833 style-local-1336-c31 position-relative h-element\">\n                  <!---->\n                  <!---->\n                  <div class=\"\">\n                    <p>At\u00e9 20\/09\/2024<\/p>\n                  <\/div>\n                <\/div>\n              <\/div>\n            <\/div>\n          <\/div>\n        <\/div>\n      <\/div>\n      <div data-colibri-id=\"1336-c32\" class=\"h-row-container gutters-row-lg-2 gutters-row-md-2 gutters-row-0 gutters-row-v-lg-2 gutters-row-v-md-2 gutters-row-v-2 style-813 style-local-1336-c32 position-relative\">\n        <!---->\n        <div class=\"h-row justify-content-lg-center justify-content-md-center justify-content-center align-items-lg-stretch align-items-md-stretch align-items-stretch gutters-col-lg-2 gutters-col-md-2 gutters-col-0 gutters-col-v-lg-2 gutters-col-v-md-2 gutters-col-v-2\">\n          <!---->\n          <div class=\"h-column h-column-container d-flex h-col-lg-auto h-col-md-auto h-col-auto style-814-outer style-local-1336-c33-outer\">\n            <div data-colibri-id=\"1336-c33\" class=\"d-flex h-flex-basis h-column__inner h-px-lg-2 h-px-md-2 h-px-2 v-inner-lg-2 v-inner-md-2 v-inner-2 style-814 style-local-1336-c33 position-relative\">\n              <!---->\n              <!---->\n              <div class=\"w-100 h-y-container h-column__content h-column__v-align flex-basis-100 align-self-lg-start align-self-md-start align-self-start\">\n                <!---->\n                <div data-colibri-id=\"1336-c34\" class=\"h-global-transition-all h-heading style-836 style-local-1336-c34 position-relative h-element\">\n                  <!---->\n                  <div class=\"h-heading__outer style-836 style-local-1336-c34\">\n                    <!---->\n                    <!---->\n                    <h6 class=\"\">Notifica\u00e7\u00e3o dos trabalhos aceitos<\/h6>\n                  <\/div>\n                <\/div>\n                <div data-colibri-id=\"1336-c35\" class=\"h-text h-text-component style-841 style-local-1336-c35 position-relative h-element\">\n                  <!---->\n                  <!---->\n                  <div class=\"\">\n                    <p>At\u00e9 30\/09\/2024<\/p>\n                  <\/div>\n                <\/div>\n              <\/div>\n            <\/div>\n          <\/div>\n          <div class=\"h-column h-column-container d-flex h-col-lg-auto h-col-md-auto h-col-auto style-815-outer style-local-1336-c36-outer\">\n            <div data-colibri-id=\"1336-c36\" class=\"d-flex h-flex-basis h-column__inner h-px-lg-2 h-px-md-2 h-px-2 v-inner-lg-2 v-inner-md-2 v-inner-2 style-815 style-local-1336-c36 position-relative\">\n              <!---->\n              <!---->\n              <div class=\"w-100 h-y-container h-column__content h-column__v-align flex-basis-100 align-self-lg-start align-self-md-start align-self-start\">\n                <!---->\n                <div data-colibri-id=\"1336-c37\" class=\"h-global-transition-all h-heading style-837 style-local-1336-c37 position-relative h-element\">\n                  <!---->\n                  <div class=\"h-heading__outer style-837 style-local-1336-c37\">\n                    <!---->\n                    <!---->\n                    <h6 class=\"\">Publica\u00e7\u00e3o da programa\u00e7\u00e3o detalhada dos GTs<\/h6>\n                  <\/div>\n                <\/div>\n                <div data-colibri-id=\"1336-c38\" class=\"h-text h-text-component style-839 style-local-1336-c38 position-relative h-element\">\n                  <!---->\n                  <!---->\n                  <div class=\"\">\n                    <p>14\/10\/2024\n                      <br>\n                    <\/p>\n                  <\/div>\n                <\/div>\n              <\/div>\n            <\/div>\n          <\/div>\n          <div class=\"h-column h-column-container d-flex h-col-lg-auto h-col-md-auto h-col-auto style-816-outer style-local-1336-c39-outer\">\n            <div data-colibri-id=\"1336-c39\" class=\"d-flex h-flex-basis h-column__inner h-px-lg-2 h-px-md-2 h-px-2 v-inner-lg-2 v-inner-md-2 v-inner-2 style-816 style-local-1336-c39 position-relative\">\n              <!---->\n              <!---->\n              <div class=\"w-100 h-y-container h-column__content h-column__v-align flex-basis-100 align-self-lg-start align-self-md-start align-self-start\">\n                <!---->\n                <div data-colibri-id=\"1336-c40\" class=\"h-global-transition-all h-heading style-838 style-local-1336-c40 position-relative h-element\">\n                  <!---->\n                  <div class=\"h-heading__outer style-838 style-local-1336-c40\">\n                    <!---->\n                    <!---->\n                    <h6 class=\"\">ENANCIB 2024<\/h6>\n                  <\/div>\n                <\/div>\n                <div data-colibri-id=\"1336-c41\" class=\"h-text h-text-component style-840 style-local-1336-c41 position-relative h-element\">\n                  <!---->\n                  <!---->\n                  <div class=\"\">\n                    <p>04\/11\/2024 at\u00e9 08\/11\/2024<\/p>\n                    <p> <\/p>\n                  <\/div>\n                <\/div>\n              <\/div>\n            <\/div>\n          <\/div>\n        <\/div>\n      <\/div>\n    <\/div>\n  <\/div>\n<\/div>","protected":false},"excerpt":{"rendered":"<p>Fluxo de Atividades Cient\u00edficas F\u00f3rum de GT da ANCIB 10\/04\/2024 Publica\u00e7\u00e3o das regras de submiss\u00e3o 17\/04\/2024 In\u00edcio das submiss\u00f5es 20\/05\/2024 Final das submiss\u00f5es 14\/07\/2024 Etapa de curadoria de dados e [&hellip;]<\/p>\n","protected":false},"author":2,"featured_media":0,"parent":0,"menu_order":0,"comment_status":"closed","ping_status":"closed","template":"page-templates\/full-width-page.php","meta":{"footnotes":""},"class_list":["post-1336","page","type-page","status-publish","hentry"],"_links":{"self":[{"href":"https:\/\/ancib.org\/sites\/enancib2024\/index.php\/wp-json\/wp\/v2\/pages\/1336","targetHints":{"allow":["GET"]}}],"collection":[{"href":"https:\/\/ancib.org\/sites\/enancib2024\/index.php\/wp-json\/wp\/v2\/pages"}],"about":[{"href":"https:\/\/ancib.org\/sites\/enancib2024\/index.php\/wp-json\/wp\/v2\/types\/page"}],"author":[{"embeddable":true,"href":"https:\/\/ancib.org\/sites\/enancib2024\/index.php\/wp-json\/wp\/v2\/users\/2"}],"replies":[{"embeddable":true,"href":"https:\/\/ancib.org\/sites\/enancib2024\/index.php\/wp-json\/wp\/v2\/comments?post=1336"}],"version-history":[{"count":6,"href":"https:\/\/ancib.org\/sites\/enancib2024\/index.php\/wp-json\/wp\/v2\/pages\/1336\/revisions"}],"predecessor-version":[{"id":2575,"href":"https:\/\/ancib.org\/sites\/enancib2024\/index.php\/wp-json\/wp\/v2\/pages\/1336\/revisions\/2575"}],"wp:attachment":[{"href":"https:\/\/ancib.org\/sites\/enancib2024\/index.php\/wp-json\/wp\/v2\/media?parent=1336"}],"curies":[{"name":"wp","href":"https:\/\/api.w.org\/{rel}","templated":true}]}}