{"id":2091,"date":"2024-09-18T23:54:42","date_gmt":"2024-09-18T23:54:42","guid":{"rendered":"https:\/\/ancib.org\/sites\/enancib2024\/?page_id=2091"},"modified":"2024-10-31T17:28:31","modified_gmt":"2024-10-31T17:28:31","slug":"editais","status":"publish","type":"page","link":"https:\/\/ancib.org\/sites\/enancib2024\/index.php\/editais\/","title":{"rendered":"Editais"},"content":{"rendered":"<div data-colibri-id=\"2091-c1\" class=\"style-1872 style-local-2091-c1 position-relative\">\n  <!---->\n  <div data-colibri-component=\"section\" data-colibri-id=\"2091-c2\" id=\"custom\" class=\"h-section h-section-global-spacing d-flex align-items-lg-center align-items-md-center align-items-center style-1873 style-local-2091-c2 position-relative\">\n    <!---->\n    <!---->\n    <div class=\"h-section-grid-container h-section-boxed-container\">\n      <!---->\n      <div data-colibri-id=\"2091-c3\" class=\"h-row-container gutters-row-lg-1 gutters-row-md-1 gutters-row-0 gutters-row-v-lg-1 gutters-row-v-md-1 gutters-row-v-1 style-1874 style-local-2091-c3 position-relative\">\n        <!---->\n        <div class=\"h-row justify-content-lg-center justify-content-md-center justify-content-center align-items-lg-stretch align-items-md-stretch align-items-stretch gutters-col-lg-1 gutters-col-md-1 gutters-col-0 gutters-col-v-lg-1 gutters-col-v-md-1 gutters-col-v-1\">\n          <!---->\n          <div class=\"h-column h-column-container d-flex h-col-lg-auto h-col-md-auto h-col-auto style-1875-outer style-local-2091-c4-outer\">\n            <div data-colibri-id=\"2091-c4\" class=\"d-flex h-flex-basis h-column__inner h-px-lg-1 h-px-md-1 h-px-1 v-inner-lg-1 v-inner-md-1 v-inner-1 style-1875 style-local-2091-c4 position-relative\">\n              <!---->\n              <!---->\n              <div class=\"w-100 h-y-container h-column__content h-column__v-align flex-basis-100 align-self-lg-center align-self-md-center align-self-center\">\n                <!---->\n                <div data-colibri-id=\"2091-c5\" class=\"h-icon style-1888 style-local-2091-c5 position-relative h-element\">\n                  <!---->\n                  <a href=\"https:\/\/ancib.org\/wp-content\/uploads\/2024\/09\/EDITAL-2024-PREMIO-DE-MELHORES-TRABALHOS-POR-GT-DA-ANCIB.pdf\" target=\"_blank\" h-use-smooth-scroll=\"true\" rel=\"noopener\"><span class=\"h-svg-icon h-icon__icon style-1888-icon style-local-2091-c5-icon\"><!--Icon by Icons8 Line Awesome (https:\/\/icons8.com\/line-awesome)--><svg version=\"1.1\" xmlns=\"http:\/\/www.w3.org\/2000\/svg\" xmlns:xlink=\"http:\/\/www.w3.org\/1999\/xlink\" id=\"trophy\" viewBox=\"0 0 512 545.5\"><path d=\"M112 96c20.432 0 34.443 9.337 42 16h204c7.555-6.663 21.56-16 42-16 15.083 0 30.654 5.685 43 16.5s21 27.46 21 47.5c0 16.994-7.14 31.528-16 43s-19.62 20.576-29.5 29.5C398.74 250.35 384 265.032 384 288c0 2.425 2.392 8.33 5.5 13s6 7.5 6 7.5l-23 22.5s-5.108-5.153-10-12.5c-4.311-6.477-8.906-14.99-10-26-1.953 5.507-3.92 11.184-6 16.5-11.1 28.352-23.64 53.894-38 73-5.23 6.958-10.972 13.176-17 18.5 33.533 1.856 60.5 29.53 60.5 63.5v16H160v-16c0-33.637 26.426-61.153 59.5-63.5-5.94-5.323-11.29-11.523-16.5-18.5-14.305-19.16-26.972-44.61-38-73-1.937-4.986-3.678-10.343-5.5-15.5-1.273 10.537-5.815 18.715-10 25-4.892 7.347-10 12.5-10 12.5l-23-22.5s2.892-2.83 6-7.5 5.5-10.575 5.5-13c0-22.968-14.74-37.65-34.5-55.5-9.88-8.924-20.64-18.028-29.5-29.5s-16-26.006-16-43c0-20.04 8.654-36.685 21-47.5S96.917 96 112 96zm0 32c-6.95 0-15.354 3.115-21.5 8.5S80 148.84 80 160c0 8.687 2.86 15.552 9 23.5s15.38 16.36 25.5 25.5c9.348 8.442 19.993 17.985 28.5 29.5-8.924-36.36-14.548-73.38-15-106-3.553-2.116-8.42-4.5-16-4.5zm288 0c-7.59 0-12.45 2.384-16 4.5-.467 33.078-6.308 70.397-15.5 107 8.62-11.907 19.416-21.844 29-30.5 10.12-9.14 19.36-17.552 25.5-25.5s9-14.813 9-23.5c0-11.16-4.354-18.115-10.5-23.5S406.95 128 400 128zm-238 16c2.438 47.307 14.357 105.51 33 153.5 10.315 26.556 22.414 49.48 34 65s21.802 21.5 26.5 21.5c4.73 0 15.37-6.026 27-21.5s23.62-38.488 34-65c18.77-47.94 31.053-105.953 33.5-153.5H162zm78 48h32v80h-32v-80zm-16 240c-11.48 0-19.36 7.09-25 16h114c-5.64-8.91-13.52-16-25-16h-64z\"><\/path><\/svg><\/span><\/a>\n                <\/div>\n              <\/div>\n            <\/div>\n          <\/div>\n          <div class=\"h-column h-column-container d-flex h-col-lg-auto h-col-md-auto h-col-auto style-1876-outer style-local-2091-c6-outer\">\n            <div data-colibri-id=\"2091-c6\" class=\"d-flex h-flex-basis h-column__inner h-px-lg-1 h-px-md-1 h-px-1 v-inner-lg-1 v-inner-md-1 v-inner-1 style-1876 style-local-2091-c6 position-relative\">\n              <!---->\n              <!---->\n              <div class=\"w-100 h-y-container h-column__content h-column__v-align flex-basis-100 align-self-lg-center align-self-md-center align-self-center\">\n                <!---->\n                <div data-colibri-id=\"2091-c7\" class=\"h-global-transition-all h-heading style-1889 style-local-2091-c7 position-relative h-element\">\n                  <!---->\n                  <div class=\"h-heading__outer style-1889 style-local-2091-c7\">\n                    <!---->\n                    <!---->\n                    <a href=\"https:\/\/ancib.org\/wp-content\/uploads\/2024\/09\/EDITAL-2024-PREMIO-DE-MELHORES-TRABALHOS-POR-GT-DA-ANCIB.pdf\" target=\"_blank\" h-use-smooth-scroll=\"true\" rel=\"noopener\">\n                      <h3 class=\"\">Pr\u00eamio Melhores por GT<\/h3>\n                    <\/a>\n                  <\/div>\n                <\/div>\n              <\/div>\n            <\/div>\n          <\/div>\n        <\/div>\n      <\/div>\n    <\/div>\n  <\/div>\n  <div data-colibri-component=\"section\" data-colibri-id=\"2091-c8\" id=\"custom-2\" class=\"h-section h-section-global-spacing d-flex align-items-lg-center align-items-md-center align-items-center style-1880 style-local-2091-c8 position-relative\">\n    <!---->\n    <!---->\n    <div class=\"h-section-grid-container h-section-boxed-container\">\n      <!---->\n      <div data-colibri-id=\"2091-c9\" class=\"h-row-container gutters-row-lg-1 gutters-row-md-1 gutters-row-0 gutters-row-v-lg-1 gutters-row-v-md-1 gutters-row-v-1 style-1881 style-local-2091-c9 position-relative\">\n        <!---->\n        <div class=\"h-row justify-content-lg-center justify-content-md-center justify-content-center align-items-lg-stretch align-items-md-stretch align-items-stretch gutters-col-lg-1 gutters-col-md-1 gutters-col-0 gutters-col-v-lg-1 gutters-col-v-md-1 gutters-col-v-1\">\n          <!---->\n          <div class=\"h-column h-column-container d-flex h-col-lg-auto h-col-md-auto h-col-auto style-1882-outer style-local-2091-c10-outer\">\n            <div data-colibri-id=\"2091-c10\" class=\"d-flex h-flex-basis h-column__inner h-px-lg-1 h-px-md-1 h-px-1 v-inner-lg-1 v-inner-md-1 v-inner-1 style-1882 style-local-2091-c10 position-relative\">\n              <!---->\n              <!---->\n              <div class=\"w-100 h-y-container h-column__content h-column__v-align flex-basis-100 align-self-lg-start align-self-md-start align-self-start\">\n                <!---->\n                <div data-colibri-id=\"2091-c11\" class=\"h-icon style-1885 style-local-2091-c11 position-relative h-element\">\n                  <!---->\n                  <a href=\"https:\/\/drive.google.com\/file\/d\/1KYov51Zi96146XKFxnRnsY4W9AFIcoSu\/view?usp=sharing\" target=\"_blank\" h-use-smooth-scroll=\"true\" rel=\"noopener\"><span class=\"h-svg-icon h-icon__icon style-1885-icon style-local-2091-c11-icon\"><!--Icon by Icons8 Line Awesome (https:\/\/icons8.com\/line-awesome)--><svg version=\"1.1\" xmlns=\"http:\/\/www.w3.org\/2000\/svg\" xmlns:xlink=\"http:\/\/www.w3.org\/1999\/xlink\" id=\"calendar-o\" viewBox=\"0 0 512 545.5\"><path d=\"M144 96h32v16h160V96h32v16h64v352H80V112h64V96zm-32 48v32h288v-32h-32v16h-32v-16H176v16h-32v-16h-32zm0 64v224h288V208H112zm96 32h32v32h-32v-32zm64 0h32v32h-32v-32zm64 0h32v32h-32v-32zm-192 64h32v32h-32v-32zm64 0h32v32h-32v-32zm64 0h32v32h-32v-32zm64 0h32v32h-32v-32zm-192 64h32v32h-32v-32zm64 0h32v32h-32v-32zm64 0h32v32h-32v-32z\"><\/path><\/svg><\/span><\/a>\n                <\/div>\n              <\/div>\n            <\/div>\n          <\/div>\n          <div class=\"h-column h-column-container d-flex h-col-lg-auto h-col-md-auto h-col-auto style-1883-outer style-local-2091-c12-outer\">\n            <div data-colibri-id=\"2091-c12\" class=\"d-flex h-flex-basis h-column__inner h-px-lg-1 h-px-md-1 h-px-1 v-inner-lg-1 v-inner-md-1 v-inner-1 style-1883 style-local-2091-c12 position-relative\">\n              <!---->\n              <!---->\n              <div class=\"w-100 h-y-container h-column__content h-column__v-align flex-basis-100 align-self-lg-center align-self-md-center align-self-center\">\n                <!---->\n                <div data-colibri-id=\"2091-c13\" class=\"h-global-transition-all h-heading style-1886 style-local-2091-c13 position-relative h-element\">\n                  <!---->\n                  <div class=\"h-heading__outer style-1886 style-local-2091-c13\">\n                    <!---->\n                    <!---->\n                    <a href=\"https:\/\/drive.google.com\/file\/d\/1KYov51Zi96146XKFxnRnsY4W9AFIcoSu\/view?usp=sharing\" target=\"_blank\" h-use-smooth-scroll=\"true\" rel=\"noopener\">\n                      <h3 class=\"\">Proposta de Evento P\u00f3s-Enancib 2024<\/h3>\n                    <\/a>\n                  <\/div>\n                <\/div>\n              <\/div>\n            <\/div>\n          <\/div>\n        <\/div>\n      <\/div>\n      <div data-colibri-id=\"2091-c14\" class=\"h-row-container gutters-row-lg-2 gutters-row-md-2 gutters-row-0 gutters-row-v-lg-2 gutters-row-v-md-2 gutters-row-v-2 style-2110 style-local-2091-c14 position-relative\">\n        <!---->\n        <div class=\"h-row justify-content-lg-center justify-content-md-center justify-content-center align-items-lg-stretch align-items-md-stretch align-items-stretch gutters-col-lg-2 gutters-col-md-2 gutters-col-0 gutters-col-v-lg-2 gutters-col-v-md-2 gutters-col-v-2\">\n          <!---->\n          <div class=\"h-column h-column-container d-flex h-col-lg-auto h-col-md-auto h-col-auto style-2111-outer style-local-2091-c15-outer\">\n            <div data-colibri-id=\"2091-c15\" class=\"d-flex h-flex-basis h-column__inner h-px-lg-2 h-px-md-2 h-px-2 v-inner-lg-2 v-inner-md-2 v-inner-2 style-2111 style-local-2091-c15 position-relative\">\n              <!---->\n              <!---->\n              <div class=\"w-100 h-y-container h-column__content h-column__v-align flex-basis-100 align-self-lg-start align-self-md-start align-self-start\">\n                <!---->\n                <div data-colibri-id=\"2091-c16\" class=\"h-x-container style-2112 style-local-2091-c16 position-relative h-element\">\n                  <!---->\n                  <div class=\"h-x-container-inner style-dynamic-2091-c16-group style-2112-spacing style-local-2091-c16-spacing\"><span class=\"h-link__outer style-2113-outer style-local-2091-c17-outer d-inline-flex h-element\"><a h-use-smooth-scroll=\"true\" href=\"https:\/\/drive.google.com\/file\/d\/17yg2Dtaud-gOkPxCZWCbx-rzpAMNqFok\/view?usp=sharing\" target=\"_blank\" data-colibri-id=\"2091-c17\" class=\"d-flex w-100 align-items-center h-link style-2113 style-local-2091-c17 position-relative\" rel=\"noopener\"><!----><!----> <span>RESULTADO<\/span><\/a>\n                    <\/span>\n                  <\/div>\n                <\/div>\n              <\/div>\n            <\/div>\n          <\/div>\n        <\/div>\n      <\/div>\n    <\/div>\n  <\/div>\n  <div data-colibri-component=\"section\" data-colibri-id=\"2091-c18\" id=\"custom-3\" class=\"h-section h-section-global-spacing d-flex align-items-lg-center align-items-md-center align-items-center style-1901 style-local-2091-c18 position-relative\">\n    <!---->\n    <!---->\n    <div class=\"h-section-grid-container h-section-boxed-container\">\n      <!---->\n      <div data-colibri-id=\"2091-c19\" class=\"h-row-container gutters-row-lg-1 gutters-row-md-1 gutters-row-0 gutters-row-v-lg-1 gutters-row-v-md-1 gutters-row-v-1 style-1902 style-local-2091-c19 position-relative\">\n        <!---->\n        <div class=\"h-row justify-content-lg-center justify-content-md-center justify-content-center align-items-lg-stretch align-items-md-stretch align-items-stretch gutters-col-lg-1 gutters-col-md-1 gutters-col-0 gutters-col-v-lg-1 gutters-col-v-md-1 gutters-col-v-1\">\n          <!---->\n          <div class=\"h-column h-column-container d-flex h-col-lg-auto h-col-md-auto h-col-auto style-1903-outer style-local-2091-c20-outer\">\n            <div data-colibri-id=\"2091-c20\" class=\"d-flex h-flex-basis h-column__inner h-px-lg-2 h-px-md-2 h-px-2 v-inner-lg-2 v-inner-md-2 v-inner-2 style-1903 style-local-2091-c20 position-relative\">\n              <!---->\n              <!---->\n              <div class=\"w-100 h-y-container h-column__content h-column__v-align flex-basis-100 align-self-lg-center align-self-md-center align-self-center\">\n                <!---->\n                <div data-colibri-id=\"2091-c21\" class=\"h-icon style-1906 style-local-2091-c21 position-relative h-element\">\n                  <!---->\n                  <a href=\"https:\/\/drive.google.com\/file\/d\/1490sdkotcuEZgmt171r2JOwnuGQLLCwm\/view?usp=sharing\" target=\"_blank\" h-use-smooth-scroll=\"true\" rel=\"noopener\"><span class=\"h-svg-icon h-icon__icon style-1906-icon style-local-2091-c21-icon\"><!--Icon by Icons8 Line Awesome (https:\/\/icons8.com\/line-awesome)--><svg version=\"1.1\" xmlns=\"http:\/\/www.w3.org\/2000\/svg\" xmlns:xlink=\"http:\/\/www.w3.org\/1999\/xlink\" id=\"book\" viewBox=\"0 0 512 545.5\"><path d=\"M160 112c46.716 0 87.714 15.696 96 19 8.286-3.304 49.284-19 96-19 51.633 0 102 21 102 21l10 4.5V464H283.5c-5.535 9.55-15.662 16-27.5 16s-21.965-6.45-27.5-16H48V137.5l10-4.5s50.367-21 102-21zm0 32c-35.185 0-67.71 11.04-80 15.5v258c19-6.27 46.35-14 80-14 32.912 0 62.207 8.096 80 14v-258c-16.003-5.485-49.065-15.5-80-15.5zm192 0c-30.935 0-63.997 10.015-80 15.5v258c17.793-5.904 47.088-14 80-14 33.65 0 61 7.73 80 14v-258c-12.29-4.46-44.815-15.5-80-15.5z\"><\/path><\/svg><\/span><\/a>\n                <\/div>\n              <\/div>\n            <\/div>\n          <\/div>\n          <div class=\"h-column h-column-container d-flex h-col-lg-auto h-col-md-auto h-col-auto style-1904-outer style-local-2091-c22-outer\">\n            <div data-colibri-id=\"2091-c22\" class=\"d-flex h-flex-basis h-column__inner h-px-lg-2 h-px-md-2 h-px-2 v-inner-lg-2 v-inner-md-2 v-inner-2 style-1904 style-local-2091-c22 position-relative\">\n              <!---->\n              <!---->\n              <div class=\"w-100 h-y-container h-column__content h-column__v-align flex-basis-100 align-self-lg-start align-self-md-start align-self-start\">\n                <!---->\n                <div data-colibri-id=\"2091-c23\" class=\"h-global-transition-all h-heading style-1907 style-local-2091-c23 position-relative h-element\">\n                  <!---->\n                  <div class=\"h-heading__outer style-1907 style-local-2091-c23\">\n                    <!---->\n                    <!---->\n                    <a href=\"https:\/\/drive.google.com\/file\/d\/1490sdkotcuEZgmt171r2JOwnuGQLLCwm\/view?usp=sharing\" target=\"_blank\" h-use-smooth-scroll=\"true\" rel=\"noopener\">\n                      <h3 class=\"\">Lan\u00e7amento de Livros<\/h3>\n                    <\/a>\n                  <\/div>\n                <\/div>\n              <\/div>\n            <\/div>\n          <\/div>\n        <\/div>\n      <\/div>\n      <div data-colibri-id=\"2091-c26\" class=\"h-row-container gutters-row-lg-2 gutters-row-md-2 gutters-row-0 gutters-row-v-lg-2 gutters-row-v-md-2 gutters-row-v-2 style-2161 style-local-2091-c26 position-relative\">\n        <!---->\n        <div class=\"h-row justify-content-lg-center justify-content-md-center justify-content-center align-items-lg-stretch align-items-md-stretch align-items-stretch gutters-col-lg-2 gutters-col-md-2 gutters-col-0 gutters-col-v-lg-2 gutters-col-v-md-2 gutters-col-v-2\">\n          <!---->\n          <div class=\"h-column h-column-container d-flex h-col-lg-auto h-col-md-auto h-col-auto style-2162-outer style-local-2091-c27-outer\">\n            <div data-colibri-id=\"2091-c27\" class=\"d-flex h-flex-basis h-column__inner h-px-lg-2 h-px-md-2 h-px-2 v-inner-lg-2 v-inner-md-2 v-inner-2 style-2162 style-local-2091-c27 position-relative\">\n              <!---->\n              <!---->\n              <div class=\"w-100 h-y-container h-column__content h-column__v-align flex-basis-100 align-self-lg-start align-self-md-start align-self-start\">\n                <!---->\n                <div data-colibri-id=\"2091-c28\" class=\"h-x-container style-2159 style-local-2091-c28 position-relative h-element\">\n                  <!---->\n                  <div class=\"h-x-container-inner style-dynamic-2091-c28-group style-2159-spacing style-local-2091-c28-spacing\"><span class=\"h-link__outer style-2160-outer style-local-2091-c29-outer d-inline-flex h-element\"><a h-use-smooth-scroll=\"true\" href=\"https:\/\/drive.google.com\/file\/d\/1EmbEcndTQxbVTBx1n1XIR54NRj-v6V1E\/view?usp=sharing\" target=\"_blank\" data-colibri-id=\"2091-c29\" class=\"d-flex w-100 align-items-center h-link style-2160 style-local-2091-c29 position-relative\" rel=\"noopener\"><!----><!----> <span>RESULTADO<\/span><\/a>\n                    <\/span>\n                  <\/div>\n                <\/div>\n              <\/div>\n            <\/div>\n          <\/div>\n        <\/div>\n      <\/div>\n    <\/div>\n  <\/div>\n<\/div>","protected":false},"excerpt":{"rendered":"<p>Pr\u00eamio Melhores por GT Proposta de Evento P\u00f3s-Enancib 2024 RESULTADO Lan\u00e7amento de Livros RESULTADO<\/p>\n","protected":false},"author":2,"featured_media":0,"parent":0,"menu_order":0,"comment_status":"closed","ping_status":"closed","template":"page-templates\/full-width-page.php","meta":{"footnotes":""},"class_list":["post-2091","page","type-page","status-publish","hentry"],"_links":{"self":[{"href":"https:\/\/ancib.org\/sites\/enancib2024\/index.php\/wp-json\/wp\/v2\/pages\/2091","targetHints":{"allow":["GET"]}}],"collection":[{"href":"https:\/\/ancib.org\/sites\/enancib2024\/index.php\/wp-json\/wp\/v2\/pages"}],"about":[{"href":"https:\/\/ancib.org\/sites\/enancib2024\/index.php\/wp-json\/wp\/v2\/types\/page"}],"author":[{"embeddable":true,"href":"https:\/\/ancib.org\/sites\/enancib2024\/index.php\/wp-json\/wp\/v2\/users\/2"}],"replies":[{"embeddable":true,"href":"https:\/\/ancib.org\/sites\/enancib2024\/index.php\/wp-json\/wp\/v2\/comments?post=2091"}],"version-history":[{"count":14,"href":"https:\/\/ancib.org\/sites\/enancib2024\/index.php\/wp-json\/wp\/v2\/pages\/2091\/revisions"}],"predecessor-version":[{"id":3034,"href":"https:\/\/ancib.org\/sites\/enancib2024\/index.php\/wp-json\/wp\/v2\/pages\/2091\/revisions\/3034"}],"wp:attachment":[{"href":"https:\/\/ancib.org\/sites\/enancib2024\/index.php\/wp-json\/wp\/v2\/media?parent=2091"}],"curies":[{"name":"wp","href":"https:\/\/api.w.org\/{rel}","templated":true}]}}