{"id":2279,"date":"2024-10-10T22:08:52","date_gmt":"2024-10-10T22:08:52","guid":{"rendered":"https:\/\/ancib.org\/sites\/enancib2024\/?page_id=2279"},"modified":"2024-10-10T22:19:36","modified_gmt":"2024-10-10T22:19:36","slug":"pontos-turisticos-em-guarapari","status":"publish","type":"page","link":"https:\/\/ancib.org\/sites\/enancib2024\/index.php\/pontos-turisticos-em-guarapari\/","title":{"rendered":"Pontos Tur\u00edsticos em Guarapari"},"content":{"rendered":"<div data-colibri-id=\"2279-c1\" class=\"style-1958 style-local-2279-c1 position-relative\">\n  <!---->\n  <div data-colibri-component=\"section\" data-colibri-id=\"2279-c2\" id=\"custom\" class=\"h-section h-section-global-spacing d-flex align-items-lg-center align-items-md-center align-items-center style-1959 style-local-2279-c2 position-relative\">\n    <!---->\n    <!---->\n    <div class=\"h-section-grid-container h-section-boxed-container\">\n      <!---->\n      <div data-colibri-id=\"2279-c3\" class=\"h-row-container gutters-row-lg-2 gutters-row-md-2 gutters-row-0 gutters-row-v-lg-2 gutters-row-v-md-2 gutters-row-v-2 style-1960 style-local-2279-c3 position-relative\">\n        <!---->\n        <div class=\"h-row justify-content-lg-center justify-content-md-center justify-content-center align-items-lg-stretch align-items-md-stretch align-items-stretch gutters-col-lg-2 gutters-col-md-2 gutters-col-0 gutters-col-v-lg-2 gutters-col-v-md-2 gutters-col-v-2\">\n          <!---->\n          <div class=\"h-column h-column-container d-flex h-col-lg-auto h-col-md-auto h-col-auto style-1961-outer style-local-2279-c4-outer\">\n            <div data-colibri-id=\"2279-c4\" class=\"d-flex h-flex-basis h-column__inner h-px-lg-1 h-px-md-1 h-px-1 v-inner-lg-1 v-inner-md-1 v-inner-1 style-1961 style-local-2279-c4 position-relative\">\n              <!---->\n              <!---->\n              <div class=\"w-100 h-y-container h-column__content h-column__v-align flex-basis-100 align-self-lg-start align-self-md-start align-self-start\">\n                <!---->\n                <div data-colibri-id=\"2279-c8\" class=\"h-global-transition-all h-heading style-1965 style-local-2279-c8 position-relative h-element\">\n                  <!---->\n                  <div class=\"h-heading__outer style-1965 style-local-2279-c8\">\n                    <!---->\n                    <!---->\n                    <h3 class=\"\">Guarapari<\/h3>\n                  <\/div>\n                <\/div>\n              <\/div>\n            <\/div>\n          <\/div>\n        <\/div>\n      <\/div>\n    <\/div>\n  <\/div>\n  <div data-colibri-component=\"section\" data-colibri-id=\"2279-c5\" id=\"custom-2\" class=\"h-section h-section-global-spacing d-flex align-items-lg-center align-items-md-center align-items-center style-1962 style-local-2279-c5 position-relative\">\n    <!---->\n    <!---->\n    <div class=\"h-section-grid-container h-section-boxed-container\">\n      <!---->\n      <div data-colibri-id=\"2279-c6\" class=\"h-row-container gutters-row-lg-2 gutters-row-md-2 gutters-row-0 gutters-row-v-lg-2 gutters-row-v-md-2 gutters-row-v-2 style-1963 style-local-2279-c6 position-relative\">\n        <!---->\n        <div class=\"h-row justify-content-lg-center justify-content-md-center justify-content-center align-items-lg-stretch align-items-md-stretch align-items-stretch gutters-col-lg-2 gutters-col-md-2 gutters-col-0 gutters-col-v-lg-2 gutters-col-v-md-2 gutters-col-v-2\">\n          <!---->\n          <div class=\"h-column h-column-container d-flex h-col-lg-auto h-col-md-auto h-col-auto style-1964-outer style-local-2279-c7-outer\">\n            <div data-colibri-id=\"2279-c7\" class=\"d-flex h-flex-basis h-column__inner h-px-lg-2 h-px-md-2 h-px-2 v-inner-lg-2 v-inner-md-2 v-inner-2 style-1964 style-local-2279-c7 position-relative\">\n              <!---->\n              <!---->\n              <div class=\"w-100 h-y-container h-column__content h-column__v-align flex-basis-100 align-self-lg-start align-self-md-start align-self-start\">\n                <!---->\n                <div data-colibri-id=\"2279-c10\" class=\"h-global-transition-all h-heading style-1967 style-local-2279-c10 position-relative h-element\">\n                  <!---->\n                  <div class=\"h-heading__outer style-1967 style-local-2279-c10\">\n                    <!---->\n                    <!---->\n                    <h4 class=\"\">Ru\u00ednas da Igreja Nossa Senhora da Concei\u00e7\u00e3o (Igreja Velha)<\/h4>\n                  <\/div>\n                <\/div>\n                <div data-colibri-id=\"2279-c11\" class=\"h-text h-text-component style-1968 style-local-2279-c11 position-relative h-element\">\n                  <!---->\n                  <!---->\n                  <div class=\"\">\n                    <p>Avenida Ant\u00f4nio de Freitas Lyra \u2013 Centro<\/p>\n                    <p>Hor\u00e1rio:&nbsp;aberto ao p\u00fablico 24h<\/p>\n                  <\/div>\n                <\/div>\n              <\/div>\n            <\/div>\n          <\/div>\n          <div class=\"h-column h-column-container d-flex h-col-lg-auto h-col-md-auto h-col-auto style-1966-outer style-local-2279-c9-outer\">\n            <div data-colibri-id=\"2279-c9\" class=\"d-flex h-flex-basis h-column__inner h-px-lg-2 h-px-md-2 h-px-2 v-inner-lg-2 v-inner-md-2 v-inner-2 style-1966 style-local-2279-c9 position-relative\">\n              <!---->\n              <!---->\n              <div class=\"w-100 h-y-container h-column__content h-column__v-align flex-basis-100 align-self-lg-start align-self-md-start align-self-start\">\n                <!---->\n                <div data-colibri-id=\"2279-c12\" class=\"h-global-transition-all h-heading style-1969 style-local-2279-c12 position-relative h-element\">\n                  <!---->\n                  <div class=\"h-heading__outer style-1969 style-local-2279-c12\">\n                    <!---->\n                    <!---->\n                    <h4 class=\"\">Parque Estadual Paulo C\u00e9sar Vinha<\/h4>\n                  <\/div>\n                <\/div>\n                <div data-colibri-id=\"2279-c13\" class=\"h-text h-text-component style-1970 style-local-2279-c13 position-relative h-element\">\n                  <!---->\n                  <!---->\n                  <div class=\"\">\n                    <p>Rodovia ES-060, Km 37,5, s\/n \u2013 Praia de Setiba<\/p>\n                    <p>(27) 3636-2522<\/p>\n                    <p>Hor\u00e1rio:&nbsp;das 8h \u00e0s 17h (acesso \u00e0s trilhas at\u00e9 15h.<\/p>\n                  <\/div>\n                <\/div>\n                <div data-colibri-id=\"2279-c15\" class=\"h-icon style-1974 style-local-2279-c15 position-relative h-element\">\n                  <!---->\n                  <a href=\"https:\/\/www.instagram.com\/pe.paulocesarvinha\/\" target=\"_blank\" h-use-smooth-scroll=\"true\" rel=\"noopener\"><span class=\"h-svg-icon h-icon__icon style-1974-icon style-local-2279-c15-icon\"><!--Icon by Socicon (http:\/\/www.socicon.com)--><svg version=\"1.1\" xmlns=\"http:\/\/www.w3.org\/2000\/svg\" viewBox=\"0 0 1500 1500\">\n\n<path d=\"M750 134.766c202.148 0 222.656 2.93 301.758 5.859 76.172 2.93 114.258 14.648 140.625 23.438 35.156 14.648 61.523 32.227 84.961 55.664 26.367 26.367 43.945 52.734 55.664 84.961 11.719 29.297 23.438 67.383 26.367 140.625 2.93 82.031 5.859 102.539 5.859 304.688s-2.93 222.656-5.859 301.758c-2.93 76.172-14.648 114.258-23.438 140.625-14.648 35.156-32.227 61.523-55.664 84.961-26.367 26.367-52.734 43.945-84.961 55.664-29.297 11.719-67.383 23.438-140.625 26.367-82.031 2.93-102.539 5.859-304.688 5.859s-222.656-2.93-301.758-5.859c-76.172-2.93-114.258-14.648-140.625-23.438-35.156-14.648-61.523-32.227-84.961-55.664-26.367-26.367-43.945-52.734-55.664-84.961-11.719-29.297-23.438-67.383-26.367-140.625-2.93-82.031-5.859-102.539-5.859-304.688s2.93-222.656 5.859-301.758c2.93-76.172 14.648-114.258 23.438-140.625 14.648-35.156 32.227-61.523 55.664-84.961 26.367-26.367 52.734-43.945 84.961-55.664 29.297-11.719 67.383-23.438 140.625-26.367 82.031-2.93 102.539-5.859 304.688-5.859M750 0c-205.078 0-228.516 2.93-307.617 5.859-82.031 2.93-137.695 14.648-181.641 32.227-49.805 20.508-93.75 46.875-134.766 87.891s-67.383 84.961-87.891 134.766c-17.578 46.875-29.297 99.609-32.227 181.641-2.93 79.102-5.859 102.539-5.859 307.617s2.93 228.516 5.859 307.617c2.93 82.031 14.648 137.695 32.227 181.641 20.508 49.805 46.875 93.75 87.891 134.766s84.961 67.383 134.766 87.891c46.875 17.578 99.609 29.297 181.641 32.227 79.102 2.93 102.539 5.859 307.617 5.859s228.516-2.93 307.617-5.859c82.031-2.93 137.695-14.648 181.641-32.227 49.805-20.508 93.75-46.875 134.766-87.891s67.383-84.961 87.891-134.766c17.578-46.875 29.297-99.609 32.227-181.641 2.93-79.102 5.859-102.539 5.859-307.617s-2.93-228.516-5.859-307.617c-2.93-82.031-14.648-137.695-32.227-181.641-20.508-49.805-46.875-93.75-87.891-134.766s-84.961-67.383-134.766-87.891c-46.875-17.578-99.609-29.297-181.641-32.227-79.102-2.93-102.539-5.859-307.617-5.859zM750 363.281c-213.867 0-386.719 172.852-386.719 386.719s172.852 386.719 386.719 386.719c213.867 0 386.719-172.852 386.719-386.719s-172.852-386.719-386.719-386.719zM750 1001.953c-137.695 0-251.953-114.258-251.953-251.953s114.258-251.953 251.953-251.953c137.695 0 251.953 114.258 251.953 251.953s-114.258 251.953-251.953 251.953zM1239.258 348.633c0 49.805-38.086 90.82-87.891 90.82s-90.82-41.016-90.82-90.82c0-49.805 41.016-87.891 90.82-87.891s87.891 38.086 87.891 87.891z\"><\/path>\n<\/svg>\n<\/span><\/a>\n                <\/div>\n              <\/div>\n            <\/div>\n          <\/div>\n        <\/div>\n      <\/div>\n    <\/div>\n  <\/div>\n<\/div>","protected":false},"excerpt":{"rendered":"<p>Guarapari Ru\u00ednas da Igreja Nossa Senhora da Concei\u00e7\u00e3o (Igreja Velha) Avenida Ant\u00f4nio de Freitas Lyra \u2013 Centro Hor\u00e1rio:&nbsp;aberto ao p\u00fablico 24h Parque Estadual Paulo C\u00e9sar Vinha Rodovia ES-060, Km 37,5, [&hellip;]<\/p>\n","protected":false},"author":2,"featured_media":0,"parent":0,"menu_order":0,"comment_status":"closed","ping_status":"closed","template":"page-templates\/full-width-page.php","meta":{"footnotes":""},"class_list":["post-2279","page","type-page","status-publish","hentry"],"_links":{"self":[{"href":"https:\/\/ancib.org\/sites\/enancib2024\/index.php\/wp-json\/wp\/v2\/pages\/2279","targetHints":{"allow":["GET"]}}],"collection":[{"href":"https:\/\/ancib.org\/sites\/enancib2024\/index.php\/wp-json\/wp\/v2\/pages"}],"about":[{"href":"https:\/\/ancib.org\/sites\/enancib2024\/index.php\/wp-json\/wp\/v2\/types\/page"}],"author":[{"embeddable":true,"href":"https:\/\/ancib.org\/sites\/enancib2024\/index.php\/wp-json\/wp\/v2\/users\/2"}],"replies":[{"embeddable":true,"href":"https:\/\/ancib.org\/sites\/enancib2024\/index.php\/wp-json\/wp\/v2\/comments?post=2279"}],"version-history":[{"count":2,"href":"https:\/\/ancib.org\/sites\/enancib2024\/index.php\/wp-json\/wp\/v2\/pages\/2279\/revisions"}],"predecessor-version":[{"id":2292,"href":"https:\/\/ancib.org\/sites\/enancib2024\/index.php\/wp-json\/wp\/v2\/pages\/2279\/revisions\/2292"}],"wp:attachment":[{"href":"https:\/\/ancib.org\/sites\/enancib2024\/index.php\/wp-json\/wp\/v2\/media?parent=2279"}],"curies":[{"name":"wp","href":"https:\/\/api.w.org\/{rel}","templated":true}]}}