{"id":2456,"date":"2024-10-11T00:51:56","date_gmt":"2024-10-11T00:51:56","guid":{"rendered":"https:\/\/ancib.org\/sites\/enancib2024\/?page_id=2456"},"modified":"2024-10-11T12:29:45","modified_gmt":"2024-10-11T12:29:45","slug":"visitas","status":"publish","type":"page","link":"https:\/\/ancib.org\/sites\/enancib2024\/index.php\/visitas\/","title":{"rendered":"Visitas Programadas"},"content":{"rendered":"<div data-colibri-id=\"2456-c1\" class=\"style-2013 style-local-2456-c1 position-relative\">\n  <!---->\n  <div data-colibri-component=\"section\" data-colibri-id=\"2456-c2\" id=\"custom\" class=\"h-section h-section-global-spacing d-flex align-items-lg-center align-items-md-center align-items-center style-2014 style-local-2456-c2 position-relative\">\n    <!---->\n    <!---->\n    <div class=\"h-section-grid-container h-section-boxed-container\">\n      <!---->\n      <div data-colibri-id=\"2456-c3\" class=\"h-row-container gutters-row-lg-1 gutters-row-md-1 gutters-row-0 gutters-row-v-lg-1 gutters-row-v-md-1 gutters-row-v-1 style-2015 style-local-2456-c3 position-relative\">\n        <!---->\n        <div class=\"h-row justify-content-lg-center justify-content-md-center justify-content-center align-items-lg-stretch align-items-md-stretch align-items-stretch gutters-col-lg-1 gutters-col-md-1 gutters-col-0 gutters-col-v-lg-1 gutters-col-v-md-1 gutters-col-v-1\">\n          <!---->\n          <div class=\"h-column h-column-container d-flex h-col-lg-auto h-col-md-auto h-col-auto style-2016-outer style-local-2456-c4-outer\">\n            <div data-colibri-id=\"2456-c4\" class=\"d-flex h-flex-basis h-column__inner h-px-lg-1 h-px-md-1 h-px-1 v-inner-lg-1 v-inner-md-1 v-inner-1 style-2016 style-local-2456-c4 position-relative\">\n              <!---->\n              <!---->\n              <div class=\"w-100 h-y-container h-column__content h-column__v-align flex-basis-100 align-self-lg-start align-self-md-start align-self-start\">\n                <!---->\n                <div data-colibri-id=\"2456-c5\" class=\"h-global-transition-all h-heading style-2017 style-local-2456-c5 position-relative h-element\">\n                  <!---->\n                  <div class=\"h-heading__outer style-2017 style-local-2456-c5\">\n                    <!---->\n                    <!---->\n                    <h3 class=\"\">Visitas Confirmadas<\/h3>\n                  <\/div>\n                <\/div>\n              <\/div>\n            <\/div>\n          <\/div>\n        <\/div>\n      <\/div>\n    <\/div>\n  <\/div>\n  <div data-colibri-component=\"section\" data-colibri-id=\"2456-c6\" id=\"custom-2\" class=\"h-section h-section-global-spacing d-flex align-items-lg-center align-items-md-center align-items-center style-2018 style-local-2456-c6 position-relative\">\n    <!---->\n    <!---->\n    <div class=\"h-section-grid-container h-section-boxed-container\">\n      <!---->\n      <div data-colibri-id=\"2456-c7\" class=\"h-row-container gutters-row-lg-2 gutters-row-md-2 gutters-row-0 gutters-row-v-lg-2 gutters-row-v-md-2 gutters-row-v-2 style-2019 style-local-2456-c7 position-relative\">\n        <!---->\n        <div class=\"h-row justify-content-lg-center justify-content-md-center justify-content-center align-items-lg-stretch align-items-md-stretch align-items-stretch gutters-col-lg-2 gutters-col-md-2 gutters-col-0 gutters-col-v-lg-2 gutters-col-v-md-2 gutters-col-v-2\">\n          <!---->\n          <div class=\"h-column h-column-container d-flex h-col-lg-auto h-col-md-auto h-col-auto style-2020-outer style-local-2456-c8-outer\">\n            <div data-colibri-id=\"2456-c8\" class=\"d-flex h-flex-basis h-column__inner h-px-lg-2 h-px-md-2 h-px-2 v-inner-lg-2 v-inner-md-2 v-inner-2 style-2020 style-local-2456-c8 position-relative\">\n              <!---->\n              <!---->\n              <div class=\"w-100 h-y-container h-column__content h-column__v-align flex-basis-100 align-self-lg-start align-self-md-start align-self-start\">\n                <!---->\n                <div data-colibri-id=\"2456-c9\" class=\"h-global-transition-all h-heading style-2022 style-local-2456-c9 position-relative h-element\">\n                  <!---->\n                  <div class=\"h-heading__outer style-2022 style-local-2456-c9\">\n                    <!---->\n                    <!---->\n                    <h4 class=\"\">Biblioteca P\u00fablica Estadual &#8220;Levy C\u00farcio da Rocha&#8221;<\/h4>\n                  <\/div>\n                <\/div>\n                <div data-colibri-id=\"2456-c10\" class=\"h-text h-text-component style-2023 style-local-2456-c10 position-relative h-element\">\n                  <!---->\n                  <!---->\n                  <div class=\"\">\n                    <p><strong>Ponto de Encontro<\/strong>:<strong> <\/strong>Biblioteca P\u00fablica Estadual<\/p>\n                    <p>Endere\u00e7o: Av. Jo\u00e3o Batista Parra, 165 &#8211; Enseada do Su\u00e1 &#8211; Vit\u00f3ria<\/p>\n                    <p><strong>Dia:<\/strong> 05\/11\/2024<\/p>\n                    <p><strong>Hor\u00e1rios:&nbsp;<\/strong>Grupo 1: das 9h \u00e0s 10h |&nbsp;Grupo 2: das 10h \u00e0s&nbsp;11h | Grupo 3: 11h \u00e0s 12h<\/p>\n                    <p><strong style=\"color: rgb(70, 112, 127); font-family: Montserrat; font-size: 16px;\">Total de pessoas participantes por grupo:<\/strong><span style=\"color: rgb(70, 112, 127); font-family: Montserrat; font-size: 16px; font-weight: 400;\"> 60 pessoas<\/span><\/p>\n                  <\/div>\n                <\/div>\n                <div data-colibri-id=\"2456-c11\" class=\"h-x-container style-2061 style-local-2456-c11 position-relative h-element\">\n                  <!---->\n                  <div class=\"h-x-container-inner style-dynamic-2456-c11-group style-2061-spacing style-local-2456-c11-spacing\"><span class=\"h-link__outer style-2062-outer style-local-2456-c12-outer d-inline-flex h-element\"><a h-use-smooth-scroll=\"true\" href=\"https:\/\/docs.google.com\/forms\/d\/1--LZdc-AtuIMAZDLryhF3WAtzktHr93nITcds3Z3hxA\/edit\" target=\"_blank\" data-colibri-id=\"2456-c12\" class=\"d-flex w-100 align-items-center h-link style-2062 style-local-2456-c12 position-relative\" rel=\"noopener\"><!----><!----> <span>Inscreva-se<\/span><\/a>\n                    <\/span>\n                  <\/div>\n                <\/div>\n              <\/div>\n            <\/div>\n          <\/div>\n        <\/div>\n      <\/div>\n    <\/div>\n  <\/div>\n  <div data-colibri-component=\"section\" data-colibri-id=\"2456-c17\" id=\"custom-3\" class=\"h-section h-section-global-spacing d-flex align-items-lg-center align-items-md-center align-items-center style-2033 style-local-2456-c17 position-relative\">\n    <!---->\n    <!---->\n    <div class=\"h-section-grid-container h-section-boxed-container\">\n      <!---->\n      <div data-colibri-id=\"2456-c18\" class=\"h-row-container gutters-row-lg-2 gutters-row-md-2 gutters-row-0 gutters-row-v-lg-2 gutters-row-v-md-2 gutters-row-v-2 style-2036 style-local-2456-c18 position-relative\">\n        <!---->\n        <div class=\"h-row justify-content-lg-center justify-content-md-center justify-content-center align-items-lg-stretch align-items-md-stretch align-items-stretch gutters-col-lg-2 gutters-col-md-2 gutters-col-0 gutters-col-v-lg-2 gutters-col-v-md-2 gutters-col-v-2\">\n          <!---->\n          <div class=\"h-column h-column-container d-flex h-col-lg-auto h-col-md-auto h-col-auto style-2037-outer style-local-2456-c19-outer\">\n            <div data-colibri-id=\"2456-c19\" class=\"d-flex h-flex-basis h-column__inner h-px-lg-2 h-px-md-2 h-px-2 v-inner-lg-2 v-inner-md-2 v-inner-2 style-2037 style-local-2456-c19 position-relative\">\n              <!---->\n              <!---->\n              <div class=\"w-100 h-y-container h-column__content h-column__v-align flex-basis-100 align-self-lg-start align-self-md-start align-self-start\">\n                <!---->\n                <div data-colibri-id=\"2456-c20\" class=\"h-global-transition-all h-heading style-2029 style-local-2456-c20 position-relative h-element\">\n                  <!---->\n                  <div class=\"h-heading__outer style-2029 style-local-2456-c20\">\n                    <!---->\n                    <!---->\n                    <h4 class=\"\">Associa\u00e7\u00e3o das Paneleiras de Goiabeiras<\/h4>\n                  <\/div>\n                <\/div>\n                <div data-colibri-id=\"2456-c21\" class=\"h-text h-text-component style-2040 style-local-2456-c21 position-relative h-element\">\n                  <!---->\n                  <!---->\n                  <div class=\"\">\n                    <p><strong>Local de Partida:<\/strong> Em frente ao Teatro da Universidade Federal do Esp\u00edrito Santo (UFES)<\/p>\n                    <p>Endere\u00e7o: Rua das Paneleiras, 55 &#8211; Goiabeiras &#8211; Vit\u00f3ria<\/p>\n                    <p><strong>Dia: <\/strong>06\/11\/2024<\/p>\n                    <p><strong>Hor\u00e1rio<\/strong><strong style=\"font-size: 16px; font-family: Montserrat; color: rgb(70, 112, 127);\">:<\/strong> 8h<\/p>\n                    <p><strong>Total de pessoas participantes:<\/strong> 40 pessoas<\/p>\n                  <\/div>\n                <\/div>\n                <div data-colibri-id=\"2456-c22\" class=\"h-x-container style-2059 style-local-2456-c22 position-relative h-element\">\n                  <!---->\n                  <div class=\"h-x-container-inner style-dynamic-2456-c22-group style-2059-spacing style-local-2456-c22-spacing\"><span class=\"h-link__outer style-2060-outer style-local-2456-c23-outer d-inline-flex h-element\"><a h-use-smooth-scroll=\"true\" href=\"https:\/\/docs.google.com\/forms\/d\/1GFW7OAgx4X6O1gDR0w0qTcWfS7HRdoX9zpaY9VdvLkQ\/edit\" target=\"_blank\" data-colibri-id=\"2456-c23\" class=\"d-flex w-100 align-items-center h-link style-2060 style-local-2456-c23 position-relative\" rel=\"noopener\"><!----><!----> <span>Inscreva-se<\/span><\/a>\n                    <\/span>\n                  <\/div>\n                <\/div>\n              <\/div>\n            <\/div>\n          <\/div>\n        <\/div>\n      <\/div>\n    <\/div>\n  <\/div>\n  <div data-colibri-component=\"section\" data-colibri-id=\"2456-c24\" id=\"custom-4\" class=\"h-section h-section-global-spacing d-flex align-items-lg-center align-items-md-center align-items-center style-2041 style-local-2456-c24 position-relative\">\n    <!---->\n    <!---->\n    <div class=\"h-section-grid-container h-section-boxed-container\">\n      <!---->\n      <div data-colibri-id=\"2456-c25\" class=\"h-row-container gutters-row-lg-2 gutters-row-md-2 gutters-row-0 gutters-row-v-lg-2 gutters-row-v-md-2 gutters-row-v-2 style-2044 style-local-2456-c25 position-relative\">\n        <!---->\n        <div class=\"h-row justify-content-lg-center justify-content-md-center justify-content-center align-items-lg-stretch align-items-md-stretch align-items-stretch gutters-col-lg-2 gutters-col-md-2 gutters-col-0 gutters-col-v-lg-2 gutters-col-v-md-2 gutters-col-v-2\">\n          <!---->\n          <div class=\"h-column h-column-container d-flex h-col-lg-auto h-col-md-auto h-col-auto style-2045-outer style-local-2456-c26-outer\">\n            <div data-colibri-id=\"2456-c26\" class=\"d-flex h-flex-basis h-column__inner h-px-lg-2 h-px-md-2 h-px-2 v-inner-lg-2 v-inner-md-2 v-inner-2 style-2045 style-local-2456-c26 position-relative\">\n              <!---->\n              <!---->\n              <div class=\"w-100 h-y-container h-column__content h-column__v-align flex-basis-100 align-self-lg-start align-self-md-start align-self-start\">\n                <!---->\n                <div data-colibri-id=\"2456-c27\" class=\"h-global-transition-all h-heading style-2046 style-local-2456-c27 position-relative h-element\">\n                  <!---->\n                  <div class=\"h-heading__outer style-2046 style-local-2456-c27\">\n                    <!---->\n                    <!---->\n                    <h4 class=\"\">Viv\u00eancia no Centro de Vit\u00f3ria<\/h4>\n                  <\/div>\n                <\/div>\n                <div data-colibri-id=\"2456-c28\" class=\"h-text h-text-component style-2047 style-local-2456-c28 position-relative h-element\">\n                  <!---->\n                  <!---->\n                  <div class=\"\">\n                    <p><strong>Ponto de Encontro<\/strong>: Catedral Metropolitana de Vit\u00f3ria &#8211; Cidade Alta &#8211; Vit\u00f3ria<\/p>\n                    <p><strong>Dia:<\/strong> 06\/11\/2024<\/p>\n                    <p><strong>Hor\u00e1rio<\/strong><strong style=\"font-size: 16px; font-family: Montserrat; color: rgb(70, 112, 127);\">:<\/strong> 8h&nbsp;<\/p>\n                    <p><strong>Total de pessoas participantes:<\/strong> 40 pessoas<\/p>\n                    <p>Roteiro que percorre pontos que retratam a hist\u00f3ria da cidade de Vit\u00f3ria, tendo o Centro Hist\u00f3rico como recorte geogr\u00e1fico.<\/p>\n                    <p>Pontos chaves que ser\u00e3o visitados: Catedral Metropolitana | Capela de Santa Luzia | Pal\u00e1cio Anchieta | Convento de S\u00e3o Francisco | Casar\u00e3o Cerqueira Lima (Biblioteca Municipal)&nbsp;2\/3&nbsp;| Antiga cadeia (antigo pr\u00e9dio do Arquivo\n                      P\u00fablico) | Pr\u00e9dio da convertedora (pr\u00e9dio do atual Arquivo P\u00fablico) | Rua Sete de Setembro | Pra\u00e7a Costa Pereira.&nbsp;&nbsp;<\/p>\n                  <\/div>\n                <\/div>\n                <div data-colibri-id=\"2456-c29\" class=\"h-x-container style-2067 style-local-2456-c29 position-relative h-element\">\n                  <!---->\n                  <div class=\"h-x-container-inner style-dynamic-2456-c29-group style-2067-spacing style-local-2456-c29-spacing\"><span class=\"h-link__outer style-2068-outer style-local-2456-c30-outer d-inline-flex h-element\"><a h-use-smooth-scroll=\"true\" href=\"https:\/\/docs.google.com\/forms\/d\/1Kn5CFaZ5vWsASrn6Ua-iww96OF-dXxqDNtINFM09RKk\/edit\" target=\"_blank\" data-colibri-id=\"2456-c30\" class=\"d-flex w-100 align-items-center h-link style-2068 style-local-2456-c30 position-relative\" rel=\"noopener\"><!----><!----> <span>Inscreva-se<\/span><\/a>\n                    <\/span>\n                  <\/div>\n                <\/div>\n              <\/div>\n            <\/div>\n          <\/div>\n        <\/div>\n      <\/div>\n    <\/div>\n  <\/div>\n  <div data-colibri-component=\"section\" data-colibri-id=\"2456-c31\" id=\"custom-5\" class=\"h-section h-section-global-spacing d-flex align-items-lg-center align-items-md-center align-items-center style-2048 style-local-2456-c31 position-relative\">\n    <!---->\n    <!---->\n    <div class=\"h-section-grid-container h-section-boxed-container\">\n      <!---->\n      <div data-colibri-id=\"2456-c32\" class=\"h-row-container gutters-row-lg-2 gutters-row-md-2 gutters-row-0 gutters-row-v-lg-2 gutters-row-v-md-2 gutters-row-v-2 style-2054 style-local-2456-c32 position-relative\">\n        <!---->\n        <div class=\"h-row justify-content-lg-center justify-content-md-center justify-content-center align-items-lg-stretch align-items-md-stretch align-items-stretch gutters-col-lg-2 gutters-col-md-2 gutters-col-0 gutters-col-v-lg-2 gutters-col-v-md-2 gutters-col-v-2\">\n          <!---->\n          <div class=\"h-column h-column-container d-flex h-col-lg-auto h-col-md-auto h-col-auto style-2055-outer style-local-2456-c33-outer\">\n            <div data-colibri-id=\"2456-c33\" class=\"d-flex h-flex-basis h-column__inner h-px-lg-2 h-px-md-2 h-px-2 v-inner-lg-2 v-inner-md-2 v-inner-2 style-2055 style-local-2456-c33 position-relative\">\n              <!---->\n              <!---->\n              <div class=\"w-100 h-y-container h-column__content h-column__v-align flex-basis-100 align-self-lg-start align-self-md-start align-self-start\">\n                <!---->\n                <div data-colibri-id=\"2456-c34\" class=\"h-global-transition-all h-heading style-2056 style-local-2456-c34 position-relative h-element\">\n                  <!---->\n                  <div class=\"h-heading__outer style-2056 style-local-2456-c34\">\n                    <!---->\n                    <!---->\n                    <h4 class=\"\">Museu do Chocolate Garoto<\/h4>\n                  <\/div>\n                <\/div>\n                <div data-colibri-id=\"2456-c35\" class=\"h-text h-text-component style-2066 style-local-2456-c35 position-relative h-element\">\n                  <!---->\n                  <!---->\n                  <div class=\"\">\n                    <p><strong>Ponto de Encontro<\/strong>: Museu do chocolate Garoto<\/p>\n                    <p>Endere\u00e7o: Praca Meyerfreund, s\/n &#8211; Gl\u00f3ria &#8211; Vila Velha<\/p>\n                    <p><strong>Dia:<\/strong>&nbsp;07\/112024<\/p>\n                    <p><strong>Hor\u00e1rios: <\/strong>Grupo 1: das 9h \u00e0s 10h | Grupo 2: das 10h \u00e0s 11h | Grupo 3: das 11h \u00e0s 12h<\/p>\n                    <p><strong>Total de participantes por grupo:<\/strong> 35 pessoas<\/p>\n                    <p><strong>Aten\u00e7\u00e3o:&nbsp;<\/strong>Os participantes do ENANCIB ter\u00e3o desconto de 50% do valor do ingresso. Valor a pagar com desconto \u00e9 de&nbsp;<strong>R$ 12,50. <\/strong>Ap\u00f3s confirma\u00e7\u00e3o de inscri\u00e7\u00e3o, receber\u00e1 um link do <strong style=\"font-size: 16px; font-family: Montserrat; color: rgb(70, 112, 127);\"><em>S<\/em><\/strong><strong><em>ympla&nbsp;<\/em><\/strong>para\n                      efetuar o pagamento antes da visita.&nbsp;<\/p>\n                  <\/div>\n                <\/div>\n                <div data-colibri-id=\"2456-c36\" class=\"h-x-container style-2069 style-local-2456-c36 position-relative h-element\">\n                  <!---->\n                  <div class=\"h-x-container-inner style-dynamic-2456-c36-group style-2069-spacing style-local-2456-c36-spacing\"><span class=\"h-link__outer style-2070-outer style-local-2456-c37-outer d-inline-flex h-element\"><a h-use-smooth-scroll=\"true\" href=\"https:\/\/docs.google.com\/forms\/d\/1VdvqbJ-ArffHZR1aYfOPYGOrcs5f5vb1hUWL5nKUs8M\/edit\" target=\"_blank\" data-colibri-id=\"2456-c37\" class=\"d-flex w-100 align-items-center h-link style-2070 style-local-2456-c37 position-relative\" rel=\"noopener\"><!----><!----> <span>Inscreva-se<\/span><\/a>\n                    <\/span>\n                  <\/div>\n                <\/div>\n              <\/div>\n            <\/div>\n          <\/div>\n        <\/div>\n      <\/div>\n    <\/div>\n  <\/div>\n<\/div>","protected":false},"excerpt":{"rendered":"<p>Visitas Confirmadas Biblioteca P\u00fablica Estadual &#8220;Levy C\u00farcio da Rocha&#8221; Ponto de Encontro: Biblioteca P\u00fablica Estadual Endere\u00e7o: Av. Jo\u00e3o Batista Parra, 165 &#8211; Enseada do Su\u00e1 &#8211; Vit\u00f3ria Dia: 05\/11\/2024 Hor\u00e1rios:&nbsp;Grupo [&hellip;]<\/p>\n","protected":false},"author":2,"featured_media":0,"parent":0,"menu_order":0,"comment_status":"closed","ping_status":"closed","template":"page-templates\/full-width-page.php","meta":{"footnotes":""},"class_list":["post-2456","page","type-page","status-publish","hentry"],"_links":{"self":[{"href":"https:\/\/ancib.org\/sites\/enancib2024\/index.php\/wp-json\/wp\/v2\/pages\/2456","targetHints":{"allow":["GET"]}}],"collection":[{"href":"https:\/\/ancib.org\/sites\/enancib2024\/index.php\/wp-json\/wp\/v2\/pages"}],"about":[{"href":"https:\/\/ancib.org\/sites\/enancib2024\/index.php\/wp-json\/wp\/v2\/types\/page"}],"author":[{"embeddable":true,"href":"https:\/\/ancib.org\/sites\/enancib2024\/index.php\/wp-json\/wp\/v2\/users\/2"}],"replies":[{"embeddable":true,"href":"https:\/\/ancib.org\/sites\/enancib2024\/index.php\/wp-json\/wp\/v2\/comments?post=2456"}],"version-history":[{"count":7,"href":"https:\/\/ancib.org\/sites\/enancib2024\/index.php\/wp-json\/wp\/v2\/pages\/2456\/revisions"}],"predecessor-version":[{"id":2510,"href":"https:\/\/ancib.org\/sites\/enancib2024\/index.php\/wp-json\/wp\/v2\/pages\/2456\/revisions\/2510"}],"wp:attachment":[{"href":"https:\/\/ancib.org\/sites\/enancib2024\/index.php\/wp-json\/wp\/v2\/media?parent=2456"}],"curies":[{"name":"wp","href":"https:\/\/api.w.org\/{rel}","templated":true}]}}