{"id":880,"date":"2024-06-09T17:29:19","date_gmt":"2024-06-09T17:29:19","guid":{"rendered":"https:\/\/ancib.org\/sites\/enancib2024\/?page_id=880"},"modified":"2024-09-27T18:42:59","modified_gmt":"2024-09-27T18:42:59","slug":"inscricoes","status":"publish","type":"page","link":"https:\/\/ancib.org\/sites\/enancib2024\/index.php\/inscricoes\/","title":{"rendered":"Inscri\u00e7\u00f5es"},"content":{"rendered":"<div data-colibri-id=\"880-c1\" class=\"style-691 style-local-880-c1 position-relative\">\n  <!---->\n  <div data-colibri-component=\"section\" data-colibri-id=\"880-c2\" id=\"custom\" class=\"h-section h-section-global-spacing d-flex align-items-lg-center align-items-md-center align-items-center style-692 style-local-880-c2 position-relative\">\n    <!---->\n    <!---->\n    <div class=\"h-section-grid-container h-section-boxed-container\">\n      <!---->\n      <div data-colibri-id=\"880-c3\" class=\"h-row-container gutters-row-lg-1 gutters-row-md-1 gutters-row-0 gutters-row-v-lg-1 gutters-row-v-md-1 gutters-row-v-1 style-698 style-local-880-c3 position-relative\">\n        <!---->\n        <div class=\"h-row justify-content-lg-center justify-content-md-center justify-content-center align-items-lg-stretch align-items-md-stretch align-items-stretch gutters-col-lg-1 gutters-col-md-1 gutters-col-0 gutters-col-v-lg-1 gutters-col-v-md-1 gutters-col-v-1\">\n          <!---->\n          <div class=\"h-column h-column-container d-flex h-col-lg-auto h-col-md-auto h-col-auto style-699-outer style-local-880-c4-outer\">\n            <div data-colibri-id=\"880-c4\" class=\"d-flex h-flex-basis h-column__inner h-px-lg-2 h-px-md-2 h-px-2 v-inner-lg-2 v-inner-md-2 v-inner-2 style-699 style-local-880-c4 position-relative\">\n              <!---->\n              <!---->\n              <div class=\"w-100 h-y-container h-column__content h-column__v-align flex-basis-100 align-self-lg-start align-self-md-start align-self-start\">\n                <!---->\n                <div data-colibri-id=\"880-c5\" class=\"h-global-transition-all h-heading style-700 style-local-880-c5 position-relative h-element\">\n                  <!---->\n                  <div class=\"h-heading__outer style-700 style-local-880-c5\">\n                    <!---->\n                    <!---->\n                    <h3 class=\"\">Tabela de Pre\u00e7os<\/h3>\n                  <\/div>\n                <\/div>\n              <\/div>\n            <\/div>\n          <\/div>\n        <\/div>\n      <\/div>\n      <div data-colibri-id=\"880-c6\" class=\"h-row-container gutters-row-lg-1 gutters-row-md-1 gutters-row-0 gutters-row-v-lg-1 gutters-row-v-md-1 gutters-row-v-1 style-695 style-local-880-c6 position-relative\">\n        <!---->\n        <div class=\"h-row justify-content-lg-center justify-content-md-center justify-content-center align-items-lg-stretch align-items-md-stretch align-items-stretch gutters-col-lg-1 gutters-col-md-1 gutters-col-0 gutters-col-v-lg-1 gutters-col-v-md-1 gutters-col-v-1\">\n          <!---->\n          <div class=\"h-column h-column-container d-flex h-col-lg-auto h-col-md-auto h-col-auto style-696-outer style-local-880-c7-outer\">\n            <div data-colibri-id=\"880-c7\" class=\"d-flex h-flex-basis h-column__inner h-px-lg-2 h-px-md-2 h-px-2 v-inner-lg-2 v-inner-md-2 v-inner-2 style-696 style-local-880-c7 position-relative\">\n              <!---->\n              <!---->\n              <div class=\"w-100 h-y-container h-column__content h-column__v-align flex-basis-100 align-self-lg-start align-self-md-start align-self-start\">\n                <!---->\n                <div data-colibri-id=\"880-c8\" class=\"d-block style-697 style-local-880-c8 position-relative h-element\">\n                  <!---->\n                  <div class=\"h-image__frame-container-outer\">\n                    <div class=\"h-image__frame-container\">\n                      <!---->\n                      <!---->\n                      <img loading=\"lazy\" decoding=\"async\" width=\"1776\" height=\"1158\" src=\"https:\/\/ancib.org\/sites\/enancib2024\/wp-content\/uploads\/2024\/09\/Captura-de-Tela-2024-09-18-as-21.26.35.png\" class=\"wp-image-2131 style-697-image style-local-880-c8-image\" alt=\"\" srcset=\"https:\/\/ancib.org\/sites\/enancib2024\/wp-content\/uploads\/2024\/09\/Captura-de-Tela-2024-09-18-as-21.26.35.png 1776w, https:\/\/ancib.org\/sites\/enancib2024\/wp-content\/uploads\/2024\/09\/Captura-de-Tela-2024-09-18-as-21.26.35-300x196.png 300w, https:\/\/ancib.org\/sites\/enancib2024\/wp-content\/uploads\/2024\/09\/Captura-de-Tela-2024-09-18-as-21.26.35-1024x668.png 1024w, https:\/\/ancib.org\/sites\/enancib2024\/wp-content\/uploads\/2024\/09\/Captura-de-Tela-2024-09-18-as-21.26.35-768x501.png 768w, https:\/\/ancib.org\/sites\/enancib2024\/wp-content\/uploads\/2024\/09\/Captura-de-Tela-2024-09-18-as-21.26.35-1536x1002.png 1536w\" sizes=\"auto, (max-width: 1776px) 100vw, 1776px\" \/>\n                      <div class=\"h-image__frame h-hide-lg h-hide-md h-hide-sm style-697-frameImage style-local-880-c8-frameImage\"><\/div>\n                    <\/div>\n                  <\/div>\n                <\/div>\n              <\/div>\n            <\/div>\n          <\/div>\n        <\/div>\n      <\/div>\n      <div data-colibri-id=\"880-c9\" class=\"h-row-container gutters-row-lg-2 gutters-row-md-2 gutters-row-0 gutters-row-v-lg-2 gutters-row-v-md-2 gutters-row-v-2 style-734 style-local-880-c9 position-relative\">\n        <!---->\n        <div class=\"h-row justify-content-lg-center justify-content-md-center justify-content-center align-items-lg-stretch align-items-md-stretch align-items-stretch gutters-col-lg-2 gutters-col-md-2 gutters-col-0 gutters-col-v-lg-2 gutters-col-v-md-2 gutters-col-v-2\">\n          <!---->\n          <div class=\"h-column h-column-container d-flex h-col-lg-auto h-col-md-auto h-col-auto style-735-outer style-local-880-c10-outer\">\n            <div data-colibri-id=\"880-c10\" class=\"d-flex h-flex-basis h-column__inner h-px-lg-2 h-px-md-2 h-px-2 v-inner-lg-2 v-inner-md-2 v-inner-2 style-735 style-local-880-c10 position-relative\">\n              <!---->\n              <!---->\n              <div class=\"w-100 h-y-container h-column__content h-column__v-align flex-basis-100 align-self-lg-start align-self-md-start align-self-start\">\n                <!---->\n                <div data-colibri-id=\"880-c11\" class=\"h-x-container style-732 style-local-880-c11 position-relative h-element\">\n                  <!---->\n                  <div class=\"h-x-container-inner style-dynamic-880-c11-group style-732-spacing style-local-880-c11-spacing\"><span class=\"h-link__outer style-733-outer style-local-880-c12-outer d-inline-flex h-element\"><a h-use-smooth-scroll=\"true\" href=\"https:\/\/ancib.org\/anuidade\/\" target=\"_blank\" data-colibri-id=\"880-c12\" class=\"d-flex w-100 align-items-center h-link style-733 style-local-880-c12 position-relative\" rel=\"noopener\"><!----><span  class=\"h-svg-icon h-link__icon style-733-icon style-local-880-c12-icon\"><!--Icon by Socicon (http:\/\/www.socicon.com)--><svg version=\"1.1\" xmlns=\"http:\/\/www.w3.org\/2000\/svg\" viewBox=\"0 0 1500 1500\">\n\n<path d=\"M750 0c-414.209 0-750 335.791-750 750s335.791 750 750 750 750-335.791 750-750c-0.555-413.985-336.015-749.445-750-750zM1262.7 276.060c-53.010 22.125-107.67 40.036-163.485 53.596-33.404-96.541-89.596-183.615-163.815-253.815 125.64 34.92 239.010 104.265 327.3 200.221v0zM775.274 420.33c98.205-1.245 196.065-11.865 292.245-31.68 34.036 109.17 51.976 222.735 53.265 337.080h-345.51v-305.399zM775.274 369.779v-316.86c113.265 14.49 212.355 124.38 275.399 287.536-90.69 18.24-182.895 28.065-275.399 29.325zM724.726 52.92v316.86c-92.49-1.14-184.68-10.846-275.399-28.995 63.029-163.815 162.135-273.375 275.399-287.865zM724.726 420.33v303.375h-345.51c1.291-114.346 19.23-227.895 53.265-337.080 96.12 20.505 193.98 31.8 292.245 33.705zM328.32 723.705h-276.404c5.19-148.8 58.005-292.005 150.675-408.541 58.515 26.476 119.19 47.895 181.351 64.050-35.19 111.87-53.925 228.255-55.62 345.51v-1.020zM328.32 774.27c1.589 117.601 20.325 234.33 55.62 346.515-62.084 15.27-122.745 35.791-181.351 61.351-92.67-116.536-145.485-259.74-150.675-408.541l276.404 0.675zM379.214 774.27h345.51v303.375c-98.205 1.245-196.065 11.865-292.245 31.68-33.735-108.209-51.675-220.709-53.265-334.050v-1.005zM724.726 1130.221v316.86c-113.265-14.49-212.355-124.38-275.399-287.536 90.69-18.255 182.895-28.065 275.399-29.325zM775.274 1447.080v-316.86c92.49 1.14 184.68 10.846 275.399 28.995-63.029 163.815-162.135 273.375-275.399 287.865zM775.274 1079.67v-303.375h345.51c-1.291 114.346-19.23 227.895-53.265 337.080-96.12-20.505-193.98-31.8-292.245-33.705zM1171.68 776.295h276.404c-5.19 148.8-58.005 292.005-150.675 408.541-58.515-26.476-119.19-47.911-181.351-64.050 35.19-111.87 53.925-228.255 55.62-345.51v1.020zM1171.68 725.73c-1.529-117.825-20.265-234.795-55.62-347.19 62.084-15.27 122.745-35.791 181.351-61.351 92.67 116.536 145.485 259.74 150.675 408.541h-276.404zM564.601 75.839c-74.25 69.976-130.56 156.81-164.161 253.14-55.815-13.56-110.476-31.471-163.485-53.596 88.485-95.76 201.976-164.88 327.645-199.545zM236.971 1221.916c53.010-22.125 107.67-40.050 163.485-53.596 33.209 97.305 89.55 185.101 164.161 255.839-125.76-34.86-239.25-104.205-327.645-200.221v-2.024zM935.399 1424.161c74.295-70.080 130.605-157.020 164.161-253.485 55.815 13.545 110.476 31.471 163.485 53.596-88.44 95.895-201.93 165.135-327.645 199.89z\"><\/path>\n<\/svg>\n<\/span> <span>Associe-se \u00e0 ANCIB<\/span><\/a>\n                    <\/span>\n                  <\/div>\n                <\/div>\n              <\/div>\n            <\/div>\n          <\/div>\n        <\/div>\n      <\/div>\n      <div data-colibri-id=\"880-c13\" class=\"h-row-container gutters-row-lg-2 gutters-row-md-2 gutters-row-0 gutters-row-v-lg-2 gutters-row-v-md-2 gutters-row-v-2 style-704 style-local-880-c13 position-relative\">\n        <!---->\n        <div class=\"h-row justify-content-lg-center justify-content-md-center justify-content-center align-items-lg-stretch align-items-md-stretch align-items-stretch gutters-col-lg-2 gutters-col-md-2 gutters-col-0 gutters-col-v-lg-2 gutters-col-v-md-2 gutters-col-v-2\">\n          <!---->\n          <div class=\"h-column h-column-container d-flex h-col-lg-auto h-col-md-auto h-col-auto style-705-outer style-local-880-c14-outer\">\n            <div data-colibri-id=\"880-c14\" class=\"d-flex h-flex-basis h-column__inner h-px-lg-2 h-px-md-2 h-px-2 v-inner-lg-2 v-inner-md-2 v-inner-2 style-705 style-local-880-c14 position-relative\">\n              <!---->\n              <!---->\n              <div class=\"w-100 h-y-container h-column__content h-column__v-align flex-basis-100 align-self-lg-start align-self-md-start align-self-start\">\n                <!---->\n                <div data-colibri-id=\"880-c15\" class=\"h-text h-text-component style-706 style-local-880-c15 position-relative h-element\">\n                  <!---->\n                  <!---->\n                  <div class=\"\">\n                    <p>As inscri\u00e7\u00f5es do ENANCIB 2024 acontecer\u00e3o de acordo com as formas de pagamento.<\/p>\n                    <p>Escolha a sua forma de pagamento para acessar os links de inscri\u00e7\u00e3o.<\/p>\n                  <\/div>\n                <\/div>\n              <\/div>\n            <\/div>\n          <\/div>\n        <\/div>\n      <\/div>\n    <\/div>\n  <\/div>\n  <div data-colibri-component=\"section\" data-colibri-id=\"880-c16\" id=\"overlappable\" class=\"h-section h-section-global-spacing d-flex align-items-lg-center align-items-md-center align-items-center style-718 style-local-880-c16 position-relative\">\n    <!---->\n    <!---->\n    <div class=\"h-section-grid-container h-section-boxed-container\">\n      <!---->\n      <div data-colibri-id=\"880-c17\" class=\"h-row-container gutters-row-lg-0 gutters-row-md-0 gutters-row-2 gutters-row-v-lg-0 gutters-row-v-md-0 gutters-row-v-2 style-719 style-local-880-c17 position-relative\">\n        <!---->\n        <div class=\"h-row justify-content-lg-center justify-content-md-center justify-content-center align-items-lg-stretch align-items-md-stretch align-items-stretch gutters-col-lg-0 gutters-col-md-0 gutters-col-2 gutters-col-v-lg-0 gutters-col-v-md-0 gutters-col-v-2\">\n          <!---->\n          <div class=\"h-column h-column-container d-flex h-col-lg-6 h-col-md-6 h-col-12 style-720-outer style-local-880-c18-outer\">\n            <div data-colibri-id=\"880-c18\" class=\"d-flex h-flex-basis h-column__inner h-px-lg-3 h-px-md-3 h-px-2 v-inner-lg-3 v-inner-md-3 v-inner-2 style-720 style-local-880-c18 position-relative\">\n              <!---->\n              <!---->\n              <div class=\"w-100 h-y-container h-column__content h-column__v-align flex-basis-100 align-self-lg-center align-self-md-center align-self-center\">\n                <!---->\n                <div data-colibri-id=\"880-c19\" class=\"h-icon style-721 style-local-880-c19 position-relative h-element\">\n                  <!---->\n                  <a href=\"https:\/\/eventos.galoa.com.br\/enancib-2024\/registration\/intro\" target=\"_blank\" h-use-smooth-scroll=\"true\" rel=\"noopener\"><span class=\"h-svg-icon h-icon__icon style-721-icon style-local-880-c19-icon\"><!--Icon by Font Awesome (https:\/\/fontawesome.com)-->\n    <svg version=\"1.1\" xmlns=\"http:\/\/www.w3.org\/2000\/svg\" xmlns:xlink=\"http:\/\/www.w3.org\/1999\/xlink\" id=\"user\" viewBox=\"0 0 1354.8114 1896.0833\">\n      <path d=\"M1280 1399q0 109-62.5 187t-150.5 78H213q-88 0-150.5-78T0 1399q0-85 8.5-160.5t31.5-152 58.5-131 94-89T327 832q131 128 313 128t313-128q76 0 134.5 34.5t94 89 58.5 131 31.5 152 8.5 160.5zm-256-887q0 159-112.5 271.5T640 896 368.5 783.5 256 512t112.5-271.5T640 128t271.5 112.5T1024 512z\"><\/path>\n    <\/svg><\/span><\/a>\n                <\/div>\n                <div data-colibri-id=\"880-c20\" class=\"h-global-transition-all h-heading style-722 style-local-880-c20 position-relative h-element\">\n                  <!---->\n                  <div class=\"h-heading__outer style-722 style-local-880-c20\">\n                    <!---->\n                    <!---->\n                    <a href=\"https:\/\/eventos.galoa.com.br\/enancib-2024\/registration\/intro\" target=\"_blank\" h-use-smooth-scroll=\"true\" rel=\"noopener\">\n                      <h5 class=\"\">Pagamentos por Pesquisadores e Estudantes<\/h5>\n                    <\/a>\n                  <\/div>\n                <\/div>\n                <div data-colibri-id=\"880-c21\" class=\"h-text h-text-component style-723 style-local-880-c21 position-relative h-element\">\n                  <!---->\n                  <!---->\n                  <div class=\"\">\n                    <p>Pagamentos realizados pelo pr\u00f3prio participante<\/p>\n                  <\/div>\n                <\/div>\n              <\/div>\n            <\/div>\n          <\/div>\n          <div class=\"h-column h-column-container d-flex h-col-lg-6 h-col-md-6 h-col-12 style-724-outer style-local-880-c22-outer\">\n            <div data-colibri-id=\"880-c22\" class=\"d-flex h-flex-basis h-column__inner h-px-lg-3 h-px-md-3 h-px-2 v-inner-lg-3 v-inner-md-3 v-inner-2 style-724 style-local-880-c22 position-relative\">\n              <!---->\n              <!---->\n              <div class=\"w-100 h-y-container h-column__content h-column__v-align flex-basis-100 align-self-lg-center align-self-md-center align-self-center\">\n                <!---->\n                <div data-colibri-id=\"880-c23\" class=\"h-icon style-721 style-local-880-c23 position-relative h-element\">\n                  <!---->\n                  <a href=\"https:\/\/tally.so\/r\/w2v4OA\" target=\"_blank\" h-use-smooth-scroll=\"true\" rel=\"noopener\"><span class=\"h-svg-icon h-icon__icon style-721-icon style-local-880-c23-icon\"><!--Icon by Font Awesome (https:\/\/fontawesome.com)-->\n    <svg version=\"1.1\" xmlns=\"http:\/\/www.w3.org\/2000\/svg\" xmlns:xlink=\"http:\/\/www.w3.org\/1999\/xlink\" id=\"users\" viewBox=\"0 0 1920 1896.0833\">\n      <path d=\"M593 896q-162 5-265 128H194q-82 0-138-40.5T0 865q0-353 124-353 6 0 43.5 21t97.5 42.5T384 597q67 0 133-23-5 37-5 66 0 139 81 256zm1071 637q0 120-73 189.5t-194 69.5H523q-121 0-194-69.5T256 1533q0-53 3.5-103.5t14-109T300 1212t43-97.5 62-81 85.5-53.5T602 960q10 0 43 21.5t73 48 107 48 135 21.5 135-21.5 107-48 73-48 43-21.5q61 0 111.5 20t85.5 53.5 62 81 43 97.5 26.5 108.5 14 109 3.5 103.5zM640 256q0 106-75 181t-181 75-181-75-75-181 75-181T384 0t181 75 75 181zm704 384q0 159-112.5 271.5T960 1024 688.5 911.5 576 640t112.5-271.5T960 256t271.5 112.5T1344 640zm576 225q0 78-56 118.5t-138 40.5h-134q-103-123-265-128 81-117 81-256 0-29-5-66 66 23 133 23 59 0 119-21.5t97.5-42.5 43.5-21q124 0 124 353zm-128-609q0 106-75 181t-181 75-181-75-75-181 75-181 181-75 181 75 75 181z\"><\/path>\n    <\/svg><\/span><\/a>\n                <\/div>\n                <div data-colibri-id=\"880-c24\" class=\"h-global-transition-all h-heading style-722 style-local-880-c24 position-relative h-element\">\n                  <!---->\n                  <div class=\"h-heading__outer style-722 style-local-880-c24\">\n                    <!---->\n                    <!---->\n                    <a href=\"https:\/\/tally.so\/r\/w2v4OA\" target=\"_blank\" h-use-smooth-scroll=\"true\" rel=\"noopener\">\n                      <h5 class=\"\">Pagamentos por Empenho e Funda\u00e7\u00f5es<\/h5>\n                    <\/a>\n                  <\/div>\n                <\/div>\n                <div data-colibri-id=\"880-c25\" class=\"h-text h-text-component style-723 style-local-880-c25 position-relative h-element\">\n                  <!---->\n                  <!---->\n                  <div class=\"\">\n                    <p>Pagamentos realizados por empresas ou institui\u00e7\u00f5es (recursos p\u00fablicos)<\/p>\n                  <\/div>\n                <\/div>\n                <div data-colibri-id=\"880-c26\" class=\"h-text h-text-component style-1890 style-local-880-c26 position-relative h-element\">\n                  <!---->\n                  <!---->\n                  <div class=\"\">\n                    <p>D\u00favidas sobre pagamentos por empenho devem ser enviadas para&nbsp;eventos@fest.org.br<\/p>\n                  <\/div>\n                <\/div>\n              <\/div>\n            <\/div>\n          <\/div>\n        <\/div>\n      <\/div>\n    <\/div>\n  <\/div>\n<\/div>","protected":false},"excerpt":{"rendered":"<p>Tabela de Pre\u00e7os Associe-se \u00e0 ANCIB As inscri\u00e7\u00f5es do ENANCIB 2024 acontecer\u00e3o de acordo com as formas de pagamento. Escolha a sua forma de pagamento para acessar os links de [&hellip;]<\/p>\n","protected":false},"author":2,"featured_media":0,"parent":0,"menu_order":0,"comment_status":"closed","ping_status":"closed","template":"page-templates\/full-width-page.php","meta":{"footnotes":""},"class_list":["post-880","page","type-page","status-publish","hentry"],"_links":{"self":[{"href":"https:\/\/ancib.org\/sites\/enancib2024\/index.php\/wp-json\/wp\/v2\/pages\/880","targetHints":{"allow":["GET"]}}],"collection":[{"href":"https:\/\/ancib.org\/sites\/enancib2024\/index.php\/wp-json\/wp\/v2\/pages"}],"about":[{"href":"https:\/\/ancib.org\/sites\/enancib2024\/index.php\/wp-json\/wp\/v2\/types\/page"}],"author":[{"embeddable":true,"href":"https:\/\/ancib.org\/sites\/enancib2024\/index.php\/wp-json\/wp\/v2\/users\/2"}],"replies":[{"embeddable":true,"href":"https:\/\/ancib.org\/sites\/enancib2024\/index.php\/wp-json\/wp\/v2\/comments?post=880"}],"version-history":[{"count":20,"href":"https:\/\/ancib.org\/sites\/enancib2024\/index.php\/wp-json\/wp\/v2\/pages\/880\/revisions"}],"predecessor-version":[{"id":2184,"href":"https:\/\/ancib.org\/sites\/enancib2024\/index.php\/wp-json\/wp\/v2\/pages\/880\/revisions\/2184"}],"wp:attachment":[{"href":"https:\/\/ancib.org\/sites\/enancib2024\/index.php\/wp-json\/wp\/v2\/media?parent=880"}],"curies":[{"name":"wp","href":"https:\/\/api.w.org\/{rel}","templated":true}]}}